{"id":7022,"date":"2022-10-28T11:27:59","date_gmt":"2022-10-28T16:27:59","guid":{"rendered":"https:\/\/www.hospitaldelrosario.gov.co\/portal\/?page_id=7022"},"modified":"2024-07-26T11:34:21","modified_gmt":"2024-07-26T16:34:21","slug":"6-2-6-control-social","status":"publish","type":"page","link":"https:\/\/www.hospitaldelrosario.gov.co\/portal\/6-2-6-control-social\/","title":{"rendered":"Control Social"},"content":{"rendered":"<div class=\"fusion-fullwidth fullwidth-box fusion-builder-row-1 fusion-flex-container nonhundred-percent-fullwidth non-hundred-percent-height-scrolling\" style=\"background-color: rgba(255,255,255,0);background-position: center center;background-repeat: no-repeat;border-width: 0px 0px 0px 0px;border-color:#eae9e9;border-style:solid;\" ><div class=\"fusion-builder-row fusion-row fusion-flex-align-items-flex-start\" style=\"max-width:1289.6px;margin-left: calc(-4% \/ 2 );margin-right: calc(-4% \/ 2 );\"><div class=\"fusion-layout-column fusion_builder_column fusion-builder-column-0 fusion_builder_column_1_1 1_1 fusion-flex-column\"><div class=\"fusion-column-wrapper fusion-flex-justify-content-flex-start fusion-content-layout-column\" style=\"background-position:left top;background-repeat:no-repeat;-webkit-background-size:cover;-moz-background-size:cover;-o-background-size:cover;background-size:cover;padding: 0px 0px 0px 0px;\"><div class=\"fusion-text fusion-text-1\"><p style=\"text-align: justify;\"><span style=\"font-size: 14pt;\">En virtud del marco normativo que nos rige la Ley 100 de 1993, el Decreto 1876 de 1994 y dem\u00e1s normas concordantes, la ESE Hospital del Rosario no ejerce control social y no adelanta mecanismos de participaci\u00f3n, entre los que se encuentra el denominado consulta ciudadana, por su car\u00e1cter de Empresa Social del Estado, del orden Departamental, descentralizada, con personer\u00eda jur\u00eddica y autonom\u00eda administrativa, con las excepciones en las que se consagren las disposiciones legales, cuyo objetivo es la prestaci\u00f3n de servicio de salud, entendido como un servicio p\u00fablico a cargo del Estado y como parte integrante del Sistema de Seguridad Social en Salud; raz\u00f3n por la cual, no le aplica el reporte y divulgaci\u00f3n referida a este mecanismo previsto en el art\u00edculo 11 literal i) de la Ley 1712 de 2014, con lo preceptuado en los art\u00edculos 60 y ss. de la Ley 1757 de 2015.<\/span><\/p>\n<\/div><\/div><style type=\"text\/css\">.fusion-body .fusion-builder-column-0{width:100% !important;margin-top : 0px;margin-bottom : 0px;}.fusion-builder-column-0 > .fusion-column-wrapper {padding-top : 0px !important;padding-right : 0px !important;margin-right : 1.92%;padding-bottom : 0px !important;padding-left : 0px !important;margin-left : 1.92%;}@media only screen and (max-width:1024px) {.fusion-body .fusion-builder-column-0{width:100% !important;}.fusion-builder-column-0 > .fusion-column-wrapper {margin-right : 1.92%;margin-left : 1.92%;}}@media only screen and (max-width:640px) {.fusion-body .fusion-builder-column-0{width:100% !important;}.fusion-builder-column-0 > .fusion-column-wrapper {margin-right : 1.92%;margin-left : 1.92%;}}<\/style><\/div><\/div><style type=\"text\/css\">.fusion-body .fusion-flex-container.fusion-builder-row-1{ padding-top : 0px;margin-top : 0px;padding-right : 0px;padding-bottom : 0px;margin-bottom : 0px;padding-left : 0px;}<\/style><\/div>\n","protected":false},"excerpt":{"rendered":"","protected":false},"author":1,"featured_media":0,"parent":0,"menu_order":0,"comment_status":"closed","ping_status":"closed","template":"","meta":{"_lmt_disableupdate":"no","_lmt_disable":"no","_links_to":"","_links_to_target":""},"aioseo_notices":[],"_links":{"self":[{"href":"https:\/\/www.hospitaldelrosario.gov.co\/portal\/wp-json\/wp\/v2\/pages\/7022"}],"collection":[{"href":"https:\/\/www.hospitaldelrosario.gov.co\/portal\/wp-json\/wp\/v2\/pages"}],"about":[{"href":"https:\/\/www.hospitaldelrosario.gov.co\/portal\/wp-json\/wp\/v2\/types\/page"}],"author":[{"embeddable":true,"href":"https:\/\/www.hospitaldelrosario.gov.co\/portal\/wp-json\/wp\/v2\/users\/1"}],"replies":[{"embeddable":true,"href":"https:\/\/www.hospitaldelrosario.gov.co\/portal\/wp-json\/wp\/v2\/comments?post=7022"}],"version-history":[{"count":5,"href":"https:\/\/www.hospitaldelrosario.gov.co\/portal\/wp-json\/wp\/v2\/pages\/7022\/revisions"}],"predecessor-version":[{"id":8627,"href":"https:\/\/www.hospitaldelrosario.gov.co\/portal\/wp-json\/wp\/v2\/pages\/7022\/revisions\/8627"}],"wp:attachment":[{"href":"https:\/\/www.hospitaldelrosario.gov.co\/portal\/wp-json\/wp\/v2\/media?parent=7022"}],"curies":[{"name":"wp","href":"https:\/\/api.w.org\/{rel}","templated":true}]}}