{"id":2736,"date":"2017-07-21T14:01:52","date_gmt":"2017-07-21T19:01:52","guid":{"rendered":"http:\/\/www.hospitaldelrosario.gov.co\/portal\/?page_id=2736"},"modified":"2018-03-22T14:00:22","modified_gmt":"2018-03-22T19:00:22","slug":"ambulancias","status":"publish","type":"page","link":"https:\/\/www.hospitaldelrosario.gov.co\/portal\/servicios\/ambulancias\/","title":{"rendered":"Ambulancias"},"content":{"rendered":"<p>&nbsp;<\/p>\n<table>\n<tbody>\n<tr>\n<td>Disponemos de tres (3) c\u00f3modas Ambulancias dotadas con todo el equipamiento Sanitario para Emergencias, con disponibilidad inmediata los 365 d\u00edas del a\u00f1o.<\/td>\n<\/tr>\n<tr>\n<td>\u00a0<strong>L\u00ednea de emergencias: (098) 8380030 &#8211; (+57) 317 8934013.<\/strong><\/td>\n<\/tr>\n<tr>\n<td><\/td>\n<\/tr>\n<\/tbody>\n<\/table>\n<p><center><div class=\"carousel-slider-outer carousel-slider-outer-image-carousel carousel-slider-outer-2751\" style=\"--carousel-slider-nav-color:#f1f1f1;--carousel-slider-active-nav-color:#f44336;--carousel-slider-arrow-size:48px;--carousel-slider-bullet-size:10px\">\n<div id=\"&#039;id-2751\" class=\"carousel-slider carousel-slider-2751 arrows-visibility-hover dots-visibility-never arrows-outside dots-center dots-square owl-carousel\" data-slide-type=\"image-carousel\" data-owl-settings='{\"nav\":true,\"dots\":false,\"slideBy\":1,\"stagePadding\":0,\"margin\":10,\"loop\":true,\"lazyLoad\":false,\"autoplay\":true,\"autoplayTimeout\":4000,\"autoplaySpeed\":500,\"autoplayHoverPause\":true,\"autoWidth\":false,\"responsive\":{\"300\":{\"items\":1},\"576\":{\"items\":2},\"768\":{\"items\":2},\"1024\":{\"items\":3},\"1280\":{\"items\":4},\"1536\":{\"items\":5}}}'>\n<div class=\"carousel-slider__item\">\n\t<a class=\"magnific-popup\" href=\"https:\/\/www.hospitaldelrosario.gov.co\/portal\/wp-content\/uploads\/2018\/03\/Ambulancia1.jpg\" data-width=\"1328\" data-height=\"747\"><img width=\"1328\" height=\"747\" src=\"https:\/\/www.hospitaldelrosario.gov.co\/portal\/wp-content\/uploads\/2018\/03\/Ambulancia1.jpg\" class=\"attachment-full size-full\" alt=\"\" decoding=\"async\" srcset=\"https:\/\/www.hospitaldelrosario.gov.co\/portal\/wp-content\/uploads\/2018\/03\/Ambulancia1-200x113.jpg 200w, https:\/\/www.hospitaldelrosario.gov.co\/portal\/wp-content\/uploads\/2018\/03\/Ambulancia1-300x169.jpg 300w, https:\/\/www.hospitaldelrosario.gov.co\/portal\/wp-content\/uploads\/2018\/03\/Ambulancia1-400x225.jpg 400w, https:\/\/www.hospitaldelrosario.gov.co\/portal\/wp-content\/uploads\/2018\/03\/Ambulancia1-600x338.jpg 600w, https:\/\/www.hospitaldelrosario.gov.co\/portal\/wp-content\/uploads\/2018\/03\/Ambulancia1-768x432.jpg 768w, https:\/\/www.hospitaldelrosario.gov.co\/portal\/wp-content\/uploads\/2018\/03\/Ambulancia1-800x450.jpg 800w, https:\/\/www.hospitaldelrosario.gov.co\/portal\/wp-content\/uploads\/2018\/03\/Ambulancia1-1024x576.jpg 1024w, https:\/\/www.hospitaldelrosario.gov.co\/portal\/wp-content\/uploads\/2018\/03\/Ambulancia1-1200x675.jpg 1200w, https:\/\/www.hospitaldelrosario.gov.co\/portal\/wp-content\/uploads\/2018\/03\/Ambulancia1.jpg 1328w\" sizes=\"(max-width: 1328px) 100vw, 1328px\" \/><\/a><\/div>\n\n<div class=\"carousel-slider__item\">\n\t<a class=\"magnific-popup\" href=\"https:\/\/www.hospitaldelrosario.gov.co\/portal\/wp-content\/uploads\/2018\/03\/Ambulancia2.jpg\" data-width=\"1328\" data-height=\"747\"><img width=\"1328\" height=\"747\" src=\"https:\/\/www.hospitaldelrosario.gov.co\/portal\/wp-content\/uploads\/2018\/03\/Ambulancia2.jpg\" class=\"attachment-full size-full\" alt=\"\" decoding=\"async\" srcset=\"https:\/\/www.hospitaldelrosario.gov.co\/portal\/wp-content\/uploads\/2018\/03\/Ambulancia2-200x113.jpg 200w, https:\/\/www.hospitaldelrosario.gov.co\/portal\/wp-content\/uploads\/2018\/03\/Ambulancia2-300x169.jpg 300w, https:\/\/www.hospitaldelrosario.gov.co\/portal\/wp-content\/uploads\/2018\/03\/Ambulancia2-400x225.jpg 400w, https:\/\/www.hospitaldelrosario.gov.co\/portal\/wp-content\/uploads\/2018\/03\/Ambulancia2-600x338.jpg 600w, https:\/\/www.hospitaldelrosario.gov.co\/portal\/wp-content\/uploads\/2018\/03\/Ambulancia2-768x432.jpg 768w, https:\/\/www.hospitaldelrosario.gov.co\/portal\/wp-content\/uploads\/2018\/03\/Ambulancia2-800x450.jpg 800w, https:\/\/www.hospitaldelrosario.gov.co\/portal\/wp-content\/uploads\/2018\/03\/Ambulancia2-1024x576.jpg 1024w, https:\/\/www.hospitaldelrosario.gov.co\/portal\/wp-content\/uploads\/2018\/03\/Ambulancia2-1200x675.jpg 1200w, https:\/\/www.hospitaldelrosario.gov.co\/portal\/wp-content\/uploads\/2018\/03\/Ambulancia2.jpg 1328w\" sizes=\"(max-width: 1328px) 100vw, 1328px\" \/><\/a><\/div>\n\n<div class=\"carousel-slider__item\">\n\t<a class=\"magnific-popup\" href=\"https:\/\/www.hospitaldelrosario.gov.co\/portal\/wp-content\/uploads\/2018\/03\/Ambulancia3.jpg\" data-width=\"1328\" data-height=\"747\"><img width=\"1328\" height=\"747\" src=\"https:\/\/www.hospitaldelrosario.gov.co\/portal\/wp-content\/uploads\/2018\/03\/Ambulancia3.jpg\" class=\"attachment-full size-full\" alt=\"\" decoding=\"async\" srcset=\"https:\/\/www.hospitaldelrosario.gov.co\/portal\/wp-content\/uploads\/2018\/03\/Ambulancia3-200x113.jpg 200w, https:\/\/www.hospitaldelrosario.gov.co\/portal\/wp-content\/uploads\/2018\/03\/Ambulancia3-300x169.jpg 300w, https:\/\/www.hospitaldelrosario.gov.co\/portal\/wp-content\/uploads\/2018\/03\/Ambulancia3-400x225.jpg 400w, https:\/\/www.hospitaldelrosario.gov.co\/portal\/wp-content\/uploads\/2018\/03\/Ambulancia3-600x338.jpg 600w, https:\/\/www.hospitaldelrosario.gov.co\/portal\/wp-content\/uploads\/2018\/03\/Ambulancia3-768x432.jpg 768w, https:\/\/www.hospitaldelrosario.gov.co\/portal\/wp-content\/uploads\/2018\/03\/Ambulancia3-800x450.jpg 800w, https:\/\/www.hospitaldelrosario.gov.co\/portal\/wp-content\/uploads\/2018\/03\/Ambulancia3-1024x576.jpg 1024w, https:\/\/www.hospitaldelrosario.gov.co\/portal\/wp-content\/uploads\/2018\/03\/Ambulancia3-1200x675.jpg 1200w, https:\/\/www.hospitaldelrosario.gov.co\/portal\/wp-content\/uploads\/2018\/03\/Ambulancia3.jpg 1328w\" sizes=\"(max-width: 1328px) 100vw, 1328px\" \/><\/a><\/div>\n\n<div class=\"carousel-slider__item\">\n\t<a class=\"magnific-popup\" href=\"https:\/\/www.hospitaldelrosario.gov.co\/portal\/wp-content\/uploads\/2018\/03\/Ambulancia4.jpg\" data-width=\"1328\" data-height=\"747\"><img width=\"1328\" height=\"747\" src=\"https:\/\/www.hospitaldelrosario.gov.co\/portal\/wp-content\/uploads\/2018\/03\/Ambulancia4.jpg\" class=\"attachment-full size-full\" alt=\"\" decoding=\"async\" srcset=\"https:\/\/www.hospitaldelrosario.gov.co\/portal\/wp-content\/uploads\/2018\/03\/Ambulancia4-200x113.jpg 200w, https:\/\/www.hospitaldelrosario.gov.co\/portal\/wp-content\/uploads\/2018\/03\/Ambulancia4-300x169.jpg 300w, https:\/\/www.hospitaldelrosario.gov.co\/portal\/wp-content\/uploads\/2018\/03\/Ambulancia4-400x225.jpg 400w, https:\/\/www.hospitaldelrosario.gov.co\/portal\/wp-content\/uploads\/2018\/03\/Ambulancia4-600x338.jpg 600w, https:\/\/www.hospitaldelrosario.gov.co\/portal\/wp-content\/uploads\/2018\/03\/Ambulancia4-768x432.jpg 768w, https:\/\/www.hospitaldelrosario.gov.co\/portal\/wp-content\/uploads\/2018\/03\/Ambulancia4-800x450.jpg 800w, https:\/\/www.hospitaldelrosario.gov.co\/portal\/wp-content\/uploads\/2018\/03\/Ambulancia4-1024x576.jpg 1024w, https:\/\/www.hospitaldelrosario.gov.co\/portal\/wp-content\/uploads\/2018\/03\/Ambulancia4-1200x675.jpg 1200w, https:\/\/www.hospitaldelrosario.gov.co\/portal\/wp-content\/uploads\/2018\/03\/Ambulancia4.jpg 1328w\" sizes=\"(max-width: 1328px) 100vw, 1328px\" \/><\/a><\/div>\n\n<\/div><!-- .carousel-slider-2751 -->\n<\/div><!-- .carousel-slider-outer-2751 -->\n<\/center><\/p>\n","protected":false},"excerpt":{"rendered":"<p>&nbsp; Disponemos de tres (3) c\u00f3modas Ambulancias dotadas con todo el equipamiento Sanitario para Emergencias, con disponibilidad inmediata los 365 d\u00edas del a\u00f1o. \u00a0L\u00ednea de emergencias: (098) 8380030 &#8211; (+57) 317 8934013.<\/p>\n","protected":false},"author":1,"featured_media":0,"parent":9,"menu_order":21,"comment_status":"closed","ping_status":"closed","template":"","meta":{"_lmt_disableupdate":"","_lmt_disable":"","_links_to":"","_links_to_target":""},"aioseo_notices":[],"_links":{"self":[{"href":"https:\/\/www.hospitaldelrosario.gov.co\/portal\/wp-json\/wp\/v2\/pages\/2736"}],"collection":[{"href":"https:\/\/www.hospitaldelrosario.gov.co\/portal\/wp-json\/wp\/v2\/pages"}],"about":[{"href":"https:\/\/www.hospitaldelrosario.gov.co\/portal\/wp-json\/wp\/v2\/types\/page"}],"author":[{"embeddable":true,"href":"https:\/\/www.hospitaldelrosario.gov.co\/portal\/wp-json\/wp\/v2\/users\/1"}],"replies":[{"embeddable":true,"href":"https:\/\/www.hospitaldelrosario.gov.co\/portal\/wp-json\/wp\/v2\/comments?post=2736"}],"version-history":[{"count":8,"href":"https:\/\/www.hospitaldelrosario.gov.co\/portal\/wp-json\/wp\/v2\/pages\/2736\/revisions"}],"predecessor-version":[{"id":2772,"href":"https:\/\/www.hospitaldelrosario.gov.co\/portal\/wp-json\/wp\/v2\/pages\/2736\/revisions\/2772"}],"up":[{"embeddable":true,"href":"https:\/\/www.hospitaldelrosario.gov.co\/portal\/wp-json\/wp\/v2\/pages\/9"}],"wp:attachment":[{"href":"https:\/\/www.hospitaldelrosario.gov.co\/portal\/wp-json\/wp\/v2\/media?parent=2736"}],"curies":[{"name":"wp","href":"https:\/\/api.w.org\/{rel}","templated":true}]}}