{"id":2446,"date":"2018-02-27T11:01:35","date_gmt":"2018-02-27T16:01:35","guid":{"rendered":"http:\/\/www.hospitaldelrosario.gov.co\/portal\/?page_id=2446"},"modified":"2025-01-07T18:42:21","modified_gmt":"2025-01-07T23:42:21","slug":"asociacion-de-usuarios","status":"publish","type":"page","link":"https:\/\/www.hospitaldelrosario.gov.co\/portal\/atencionalusuario\/siau\/asociacion-de-usuarios\/","title":{"rendered":"Asociaci\u00f3n de Usuarios"},"content":{"rendered":"<div class=\"fusion-fullwidth fullwidth-box fusion-builder-row-1 fusion-flex-container nonhundred-percent-fullwidth non-hundred-percent-height-scrolling\" style=\"background-color: rgba(255,255,255,0);background-position: center center;background-repeat: no-repeat;border-width: 0px 0px 0px 0px;border-color:#eae9e9;border-style:solid;\" ><div class=\"fusion-builder-row fusion-row fusion-flex-align-items-flex-start\" style=\"max-width:1289.6px;margin-left: calc(-4% \/ 2 );margin-right: calc(-4% \/ 2 );\"><div class=\"fusion-layout-column fusion_builder_column fusion-builder-column-0 fusion_builder_column_1_1 1_1 fusion-flex-column\"><div class=\"fusion-column-wrapper fusion-flex-justify-content-flex-start fusion-content-layout-column\" style=\"background-position:left top;background-repeat:no-repeat;-webkit-background-size:cover;-moz-background-size:cover;-o-background-size:cover;background-size:cover;padding: 0px 0px 0px 0px;\"><style type=\"text\/css\">@media only screen and (max-width:1024px) {.fusion-title.fusion-title-1{margin-top:0px!important; margin-right:0px!important;margin-bottom:10px!important;margin-left:0px!important;}}@media only screen and (max-width:640px) {.fusion-title.fusion-title-1{margin-top:0px!important; margin-right:0px!important;margin-bottom:20px!important; margin-left:0px!important;}}<\/style><div class=\"fusion-title title fusion-title-1 fusion-sep-none fusion-title-text fusion-title-size-one\" style=\"margin-top:0px;margin-right:0px;margin-bottom:10px;margin-left:0px;\"><h1 class=\"title-heading-left fusion-responsive-typography-calculated\" style=\"margin:0;--fontSize:26;line-height:1.40;\"><p style=\"text-align: justify;\"><span style=\"font-size: 14pt;\"><strong><span style=\"color: #008f4f;\">Junta Directiva Asociaci\u00f3n de Usuarios<\/span>\u00a0<\/strong> <\/span><\/p>\n<table style=\"height: 84px; width: 76.5344%; border-collapse: collapse; border-style: solid; border-color: #008f4f;\" border=\"1\">\n<tbody>\n<tr style=\"height: 14px;\">\n<td style=\"width: 25.038%; height: 14px; text-align: center; border-style: solid; border-color: #000000;\"><span style=\"font-family: georgia, palatino, serif; font-size: 12pt; color: #008f4f;\"><strong>CARGO<\/strong><\/span><\/td>\n<td style=\"width: 47.4949%; height: 14px; text-align: center; border-style: solid; border-color: #000000;\"><span style=\"font-family: georgia, palatino, serif; font-size: 12pt; color: #008f4f;\"><strong>NOMBRES Y APELLIDOS<\/strong><\/span><\/td>\n<td style=\"width: 23.2877%; height: 14px; text-align: center; border-style: solid; border-color: #000000;\"><span style=\"font-family: georgia, palatino, serif; font-size: 12pt; color: #008f4f;\"><strong>No. CEDULA<\/strong><\/span><\/td>\n<\/tr>\n<tr style=\"height: 14px;\">\n<td style=\"width: 25.038%; height: 14px; text-align: justify; border-style: solid; border-color: #000000;\"><span style=\"font-family: georgia, palatino, serif; font-size: 12pt;\">Presidente<\/span><\/td>\n<td style=\"width: 47.4949%; height: 14px; text-align: justify; border-style: solid; border-color: #000000;\"><span style=\"font-family: georgia, palatino, serif; font-size: 12pt;\">Jaime S\u00e1nchez Arias<\/span><\/td>\n<td style=\"width: 23.2877%; height: 14px; text-align: justify; border-style: solid; border-color: #000000;\"><span style=\"font-family: georgia, palatino, serif; font-size: 12pt;\">17.633.358<\/span><\/td>\n<\/tr>\n<tr style=\"height: 14px;\">\n<td style=\"width: 25.038%; height: 14px; text-align: justify; border-style: solid; border-color: #000000;\"><span style=\"font-family: georgia, palatino, serif; font-size: 12pt;\">Vicepresidente<\/span><\/td>\n<td style=\"width: 47.4949%; height: 14px; text-align: justify; border-style: solid; border-color: #000000;\"><span style=\"font-family: georgia, palatino, serif; font-size: 12pt;\">Neyla Guaraca Hermosa<\/span><\/td>\n<td style=\"width: 23.2877%; height: 14px; text-align: justify; border-style: solid; border-color: #000000;\"><span style=\"font-family: georgia, palatino, serif; font-size: 12pt;\">83.087.682<\/span><\/td>\n<\/tr>\n<tr style=\"height: 14px;\">\n<td style=\"width: 25.038%; height: 14px; text-align: justify; border-style: solid; border-color: #000000;\"><span style=\"font-family: georgia, palatino, serif; font-size: 12pt;\">Secretaria<\/span><\/td>\n<td style=\"width: 47.4949%; height: 14px; text-align: justify; border-style: solid; border-color: #000000;\"><span style=\"font-family: georgia, palatino, serif; font-size: 12pt;\">Mar\u00eda de Jes\u00fas Narv\u00e1ez<\/span><\/td>\n<td style=\"width: 23.2877%; height: 14px; text-align: justify; border-style: solid; border-color: #000000;\"><span style=\"font-family: georgia, palatino, serif; font-size: 12pt;\">39.569.735<\/span><\/td>\n<\/tr>\n<tr style=\"height: 14px;\">\n<td style=\"width: 25.038%; height: 14px; text-align: justify; border-style: solid; border-color: #000000;\"><span style=\"font-family: georgia, palatino, serif; font-size: 12pt;\">Tesorero<\/span><\/td>\n<td style=\"width: 47.4949%; height: 14px; text-align: justify; border-style: solid; border-color: #000000;\"><span style=\"font-family: georgia, palatino, serif; font-size: 12pt;\">Mar\u00eda Nury Rojas Galvis<\/span><\/td>\n<td style=\"width: 23.2877%; height: 14px; text-align: justify; border-style: solid; border-color: #000000;\"><span style=\"font-family: georgia, palatino, serif; font-size: 12pt;\">36.087.344<\/span><\/td>\n<\/tr>\n<tr style=\"height: 14px;\">\n<td style=\"width: 25.038%; height: 14px; text-align: justify; border-style: solid; border-color: #000000;\"><span style=\"font-family: georgia, palatino, serif; font-size: 12pt;\">Fiscal<\/span><\/td>\n<td style=\"width: 47.4949%; height: 14px; text-align: justify; border-style: solid; border-color: #000000;\"><span style=\"font-family: georgia, palatino, serif; font-size: 12pt;\">Gladys Fierro Guti\u00e9rrez<\/span><\/td>\n<td style=\"width: 23.2877%; height: 14px; text-align: justify; border-style: solid; border-color: #000000;\"><span style=\"font-family: georgia, palatino, serif; font-size: 12pt;\">26.468.906<\/span><\/td>\n<\/tr>\n<\/tbody>\n<\/table><\/h1><\/div><div class=\"fusion-text fusion-text-1\"><p><span style=\"color: #008f4f; font-size: 18pt;\"><strong>Actas<\/strong><\/span><\/p>\n<ul>\n<li><span style=\"font-size: 14pt;\"><a href=\"https:\/\/www.hospitaldelrosario.gov.co\/portal\/wp-content\/uploads\/2021\/04\/Acta-1-Constitucion_directiva-Asociacionde-Usuarios_-2021.pdf\" target=\"_blank\" rel=\"noopener noreferrer\"><strong>Ver \/ Descargar<\/strong><\/a> Acta de Constituci\u00f3n Asamblea<\/span><\/li>\n<\/ul>\n<\/div><div class=\"fusion-text fusion-text-2\"><ul>\n<li><span style=\"font-size: 14pt;\"><a href=\"https:\/\/www.hospitaldelrosario.gov.co\/portal\/wp-content\/uploads\/2025\/01\/Acta-de-socializacion-de-protocolo-de-atencion-con-enfoque-diferencial.pdf\" target=\"_blank\" rel=\"noopener\"><strong>Ver \/ Descargar<\/strong><\/a> Cronograma de Capacitaci\u00f3n a Asociaci\u00f3n de Usuarios 2024<\/span><\/li>\n<\/ul>\n<\/div><\/div><style type=\"text\/css\">.fusion-body .fusion-builder-column-0{width:100% !important;margin-top : 0px;margin-bottom : 0px;}.fusion-builder-column-0 > .fusion-column-wrapper {padding-top : 0px !important;padding-right : 0px !important;margin-right : 1.92%;padding-bottom : 0px !important;padding-left : 0px !important;margin-left : 1.92%;}@media only screen and (max-width:1024px) {.fusion-body .fusion-builder-column-0{width:100% !important;}.fusion-builder-column-0 > .fusion-column-wrapper {margin-right : 1.92%;margin-left : 1.92%;}}@media only screen and (max-width:640px) {.fusion-body .fusion-builder-column-0{width:100% !important;}.fusion-builder-column-0 > .fusion-column-wrapper {margin-right : 1.92%;margin-left : 1.92%;}}<\/style><\/div><\/div><style type=\"text\/css\">.fusion-body .fusion-flex-container.fusion-builder-row-1{ padding-top : 0px;margin-top : 0px;padding-right : 0px;padding-bottom : 0px;margin-bottom : 0px;padding-left : 0px;}<\/style><\/div>\n","protected":false},"excerpt":{"rendered":"","protected":false},"author":1,"featured_media":0,"parent":2428,"menu_order":9,"comment_status":"closed","ping_status":"closed","template":"","meta":{"_lmt_disableupdate":"no","_lmt_disable":"no","_links_to":"","_links_to_target":""},"aioseo_notices":[],"_links":{"self":[{"href":"https:\/\/www.hospitaldelrosario.gov.co\/portal\/wp-json\/wp\/v2\/pages\/2446"}],"collection":[{"href":"https:\/\/www.hospitaldelrosario.gov.co\/portal\/wp-json\/wp\/v2\/pages"}],"about":[{"href":"https:\/\/www.hospitaldelrosario.gov.co\/portal\/wp-json\/wp\/v2\/types\/page"}],"author":[{"embeddable":true,"href":"https:\/\/www.hospitaldelrosario.gov.co\/portal\/wp-json\/wp\/v2\/users\/1"}],"replies":[{"embeddable":true,"href":"https:\/\/www.hospitaldelrosario.gov.co\/portal\/wp-json\/wp\/v2\/comments?post=2446"}],"version-history":[{"count":24,"href":"https:\/\/www.hospitaldelrosario.gov.co\/portal\/wp-json\/wp\/v2\/pages\/2446\/revisions"}],"predecessor-version":[{"id":9275,"href":"https:\/\/www.hospitaldelrosario.gov.co\/portal\/wp-json\/wp\/v2\/pages\/2446\/revisions\/9275"}],"up":[{"embeddable":true,"href":"https:\/\/www.hospitaldelrosario.gov.co\/portal\/wp-json\/wp\/v2\/pages\/2428"}],"wp:attachment":[{"href":"https:\/\/www.hospitaldelrosario.gov.co\/portal\/wp-json\/wp\/v2\/media?parent=2446"}],"curies":[{"name":"wp","href":"https:\/\/api.w.org\/{rel}","templated":true}]}}