{"id":2430,"date":"2017-07-27T10:43:01","date_gmt":"2017-07-27T15:43:01","guid":{"rendered":"http:\/\/www.hospitaldelrosario.gov.co\/portal\/?page_id=2430"},"modified":"2025-07-16T14:38:34","modified_gmt":"2025-07-16T19:38:34","slug":"derechos","status":"publish","type":"page","link":"https:\/\/www.hospitaldelrosario.gov.co\/portal\/atencionalusuario\/siau\/derechos\/","title":{"rendered":"Derechos"},"content":{"rendered":"<div class=\"fusion-fullwidth fullwidth-box fusion-builder-row-1 fusion-flex-container nonhundred-percent-fullwidth non-hundred-percent-height-scrolling\" style=\"background-color: rgba(255,255,255,0);background-position: center center;background-repeat: no-repeat;border-width: 0px 0px 0px 0px;border-color:#eae9e9;border-style:solid;\" ><div class=\"fusion-builder-row fusion-row fusion-flex-align-items-flex-start\" style=\"max-width:1289.6px;margin-left: calc(-4% \/ 2 );margin-right: calc(-4% \/ 2 );\"><div class=\"fusion-layout-column fusion_builder_column fusion-builder-column-0 fusion_builder_column_1_1 1_1 fusion-flex-column\"><div class=\"fusion-column-wrapper fusion-flex-justify-content-flex-start fusion-content-layout-column\" style=\"background-position:left top;background-repeat:no-repeat;-webkit-background-size:cover;-moz-background-size:cover;-o-background-size:cover;background-size:cover;padding: 0px 0px 0px 0px;\"><div class=\"fusion-text fusion-text-1\"><p>De acuerdo al contenido de la ley estatutaria 1751 de 2015 y Resoluci\u00f3n 13437 de 1991 y C\u00f3digo de \u00c9tica y Buen Gobierno, todo paciente debe ejercer sin restricciones por motivos de raza, sexo, edad, idioma, religi\u00f3n, opiniones pol\u00edticas o de cualquier \u00edndole, origen social, posici\u00f3n econ\u00f3mica o condici\u00f3n social:<\/p>\n<\/div><div style=\"text-align:center;\"><span class=\" fusion-imageframe imageframe-none imageframe-1 hover-type-none\"><img decoding=\"async\" width=\"1280\" height=\"692\" title=\"DERECHOS\" src=\"https:\/\/www.hospitaldelrosario.gov.co\/portal\/wp-content\/uploads\/2025\/07\/DERECHOS.jpeg\" alt class=\"img-responsive wp-image-9762\" srcset=\"https:\/\/www.hospitaldelrosario.gov.co\/portal\/wp-content\/uploads\/2025\/07\/DERECHOS-200x108.jpeg 200w, https:\/\/www.hospitaldelrosario.gov.co\/portal\/wp-content\/uploads\/2025\/07\/DERECHOS-400x216.jpeg 400w, https:\/\/www.hospitaldelrosario.gov.co\/portal\/wp-content\/uploads\/2025\/07\/DERECHOS-600x324.jpeg 600w, https:\/\/www.hospitaldelrosario.gov.co\/portal\/wp-content\/uploads\/2025\/07\/DERECHOS-800x433.jpeg 800w, https:\/\/www.hospitaldelrosario.gov.co\/portal\/wp-content\/uploads\/2025\/07\/DERECHOS-1200x649.jpeg 1200w, https:\/\/www.hospitaldelrosario.gov.co\/portal\/wp-content\/uploads\/2025\/07\/DERECHOS.jpeg 1280w\" sizes=\"(max-width: 640px) 100vw, 1280px\" \/><\/span><\/div><\/div><style type=\"text\/css\">.fusion-body .fusion-builder-column-0{width:100% !important;margin-top : 0px;margin-bottom : 0px;}.fusion-builder-column-0 > .fusion-column-wrapper {padding-top : 0px !important;padding-right : 0px !important;margin-right : 1.92%;padding-bottom : 0px !important;padding-left : 0px !important;margin-left : 1.92%;}@media only screen and (max-width:1024px) {.fusion-body .fusion-builder-column-0{width:100% !important;}.fusion-builder-column-0 > .fusion-column-wrapper {margin-right : 1.92%;margin-left : 1.92%;}}@media only screen and (max-width:640px) {.fusion-body .fusion-builder-column-0{width:100% !important;}.fusion-builder-column-0 > .fusion-column-wrapper {margin-right : 1.92%;margin-left : 1.92%;}}<\/style><\/div><\/div><style type=\"text\/css\">.fusion-body .fusion-flex-container.fusion-builder-row-1{ padding-top : 0px;margin-top : 0px;padding-right : 0px;padding-bottom : 0px;margin-bottom : 0px;padding-left : 0px;}<\/style><\/div>\n","protected":false},"excerpt":{"rendered":"","protected":false},"author":1,"featured_media":0,"parent":2428,"menu_order":1,"comment_status":"closed","ping_status":"closed","template":"","meta":{"_lmt_disableupdate":"no","_lmt_disable":"no","_links_to":"","_links_to_target":""},"aioseo_notices":[],"_links":{"self":[{"href":"https:\/\/www.hospitaldelrosario.gov.co\/portal\/wp-json\/wp\/v2\/pages\/2430"}],"collection":[{"href":"https:\/\/www.hospitaldelrosario.gov.co\/portal\/wp-json\/wp\/v2\/pages"}],"about":[{"href":"https:\/\/www.hospitaldelrosario.gov.co\/portal\/wp-json\/wp\/v2\/types\/page"}],"author":[{"embeddable":true,"href":"https:\/\/www.hospitaldelrosario.gov.co\/portal\/wp-json\/wp\/v2\/users\/1"}],"replies":[{"embeddable":true,"href":"https:\/\/www.hospitaldelrosario.gov.co\/portal\/wp-json\/wp\/v2\/comments?post=2430"}],"version-history":[{"count":10,"href":"https:\/\/www.hospitaldelrosario.gov.co\/portal\/wp-json\/wp\/v2\/pages\/2430\/revisions"}],"predecessor-version":[{"id":9763,"href":"https:\/\/www.hospitaldelrosario.gov.co\/portal\/wp-json\/wp\/v2\/pages\/2430\/revisions\/9763"}],"up":[{"embeddable":true,"href":"https:\/\/www.hospitaldelrosario.gov.co\/portal\/wp-json\/wp\/v2\/pages\/2428"}],"wp:attachment":[{"href":"https:\/\/www.hospitaldelrosario.gov.co\/portal\/wp-json\/wp\/v2\/media?parent=2430"}],"curies":[{"name":"wp","href":"https:\/\/api.w.org\/{rel}","templated":true}]}}