{"id":2288,"date":"2017-06-23T19:04:24","date_gmt":"2017-06-24T00:04:24","guid":{"rendered":"http:\/\/www.hospitaldelrosario.gov.co\/portal\/?page_id=2288"},"modified":"2018-03-20T19:19:15","modified_gmt":"2018-03-21T00:19:15","slug":"rayos-x","status":"publish","type":"page","link":"https:\/\/www.hospitaldelrosario.gov.co\/portal\/servicios\/rayos-x\/","title":{"rendered":"Rayos X"},"content":{"rendered":"<table style=\"width: 661px;\">\n<tbody>\n<tr>\n<td style=\"width: 647px;\" colspan=\"2\">En la E.S.E Hospital del Rosario, prestamos los servicios para ex\u00e1menes de Rayos X, en:<\/td>\n<\/tr>\n<tr>\n<td style=\"width: 346px;\">\n<ul>\n<li>Cr\u00e1neo Simple<\/li>\n<li>Senos Paranasales<\/li>\n<li>Cavum Faringeo<\/li>\n<li>Maxilares<\/li>\n<li>Orbitas<\/li>\n<li>Odontoides<\/li>\n<li>Columna Cervical<\/li>\n<li>Columna Dorsal<\/li>\n<li>Columna Lumbosacra<\/li>\n<li>sacro c\u00f3ccix<\/li>\n<li>T\u00f3rax<\/li>\n<li>Reja costal<\/li>\n<li>Abdomen Simple<\/li>\n<li>Clav\u00edcula<\/li>\n<li>Hombro<\/li>\n<li>Esternoclavicular<\/li>\n<\/ul>\n<\/td>\n<td style=\"width: 301px;\">\n<ul>\n<li>Humero<\/li>\n<li>Codo<\/li>\n<li>Antebrazo<\/li>\n<li>Mu\u00f1eca<\/li>\n<li>Mano<\/li>\n<li>Dedos en Mano<\/li>\n<li>Pelvis<\/li>\n<li>Cadera<\/li>\n<li>F\u00e9mur<\/li>\n<li>Rodillas<\/li>\n<li>Pierna<\/li>\n<li>Tobillos<\/li>\n<li>Pie<\/li>\n<li>Dedos en Pie<\/li>\n<li>Calc\u00e1neo<\/li>\n<\/ul>\n<\/td>\n<\/tr>\n<tr>\n<td style=\"width: 346px;\"><\/td>\n<td style=\"width: 301px;\"><\/td>\n<\/tr>\n<\/tbody>\n<\/table>\n<div class=\"carousel-slider-outer carousel-slider-outer-image-carousel carousel-slider-outer-1894\" style=\"--carousel-slider-nav-color:#ed3237;--carousel-slider-active-nav-color:#008f4f;--carousel-slider-arrow-size:48px;--carousel-slider-bullet-size:10px\">\n<div id=\"&#039;id-1894\" class=\"carousel-slider carousel-slider-1894 arrows-visibility-always dots-visibility-never arrows-outside dots-center dots-square owl-carousel\" data-slide-type=\"image-carousel\" data-owl-settings='{\"nav\":true,\"dots\":false,\"slideBy\":1,\"stagePadding\":0,\"margin\":10,\"loop\":true,\"lazyLoad\":false,\"autoplay\":true,\"autoplayTimeout\":4000,\"autoplaySpeed\":500,\"autoplayHoverPause\":true,\"autoWidth\":false,\"responsive\":{\"300\":{\"items\":1},\"576\":{\"items\":2},\"768\":{\"items\":2},\"1024\":{\"items\":3},\"1280\":{\"items\":4},\"1536\":{\"items\":5}}}'>\n<div class=\"carousel-slider__item\">\n\t<a class=\"magnific-popup\" href=\"https:\/\/www.hospitaldelrosario.gov.co\/portal\/wp-content\/uploads\/2018\/03\/RayosX2.jpeg\" data-width=\"1032\" data-height=\"581\"><img width=\"1032\" height=\"581\" src=\"https:\/\/www.hospitaldelrosario.gov.co\/portal\/wp-content\/uploads\/2018\/03\/RayosX2.jpeg\" class=\"attachment-full size-full\" alt=\"\" decoding=\"async\" srcset=\"https:\/\/www.hospitaldelrosario.gov.co\/portal\/wp-content\/uploads\/2018\/03\/RayosX2-200x113.jpeg 200w, https:\/\/www.hospitaldelrosario.gov.co\/portal\/wp-content\/uploads\/2018\/03\/RayosX2-300x169.jpeg 300w, https:\/\/www.hospitaldelrosario.gov.co\/portal\/wp-content\/uploads\/2018\/03\/RayosX2-400x225.jpeg 400w, https:\/\/www.hospitaldelrosario.gov.co\/portal\/wp-content\/uploads\/2018\/03\/RayosX2-600x338.jpeg 600w, https:\/\/www.hospitaldelrosario.gov.co\/portal\/wp-content\/uploads\/2018\/03\/RayosX2-768x432.jpeg 768w, https:\/\/www.hospitaldelrosario.gov.co\/portal\/wp-content\/uploads\/2018\/03\/RayosX2-800x450.jpeg 800w, https:\/\/www.hospitaldelrosario.gov.co\/portal\/wp-content\/uploads\/2018\/03\/RayosX2-1024x576.jpeg 1024w, https:\/\/www.hospitaldelrosario.gov.co\/portal\/wp-content\/uploads\/2018\/03\/RayosX2.jpeg 1032w\" sizes=\"(max-width: 1032px) 100vw, 1032px\" \/><\/a><\/div>\n\n<div class=\"carousel-slider__item\">\n\t<a class=\"magnific-popup\" href=\"https:\/\/www.hospitaldelrosario.gov.co\/portal\/wp-content\/uploads\/2018\/03\/RayosX1.jpeg\" data-width=\"1032\" data-height=\"581\"><img width=\"1032\" height=\"581\" src=\"https:\/\/www.hospitaldelrosario.gov.co\/portal\/wp-content\/uploads\/2018\/03\/RayosX1.jpeg\" class=\"attachment-full size-full\" alt=\"\" decoding=\"async\" srcset=\"https:\/\/www.hospitaldelrosario.gov.co\/portal\/wp-content\/uploads\/2018\/03\/RayosX1-200x113.jpeg 200w, https:\/\/www.hospitaldelrosario.gov.co\/portal\/wp-content\/uploads\/2018\/03\/RayosX1-300x169.jpeg 300w, https:\/\/www.hospitaldelrosario.gov.co\/portal\/wp-content\/uploads\/2018\/03\/RayosX1-400x225.jpeg 400w, https:\/\/www.hospitaldelrosario.gov.co\/portal\/wp-content\/uploads\/2018\/03\/RayosX1-600x338.jpeg 600w, https:\/\/www.hospitaldelrosario.gov.co\/portal\/wp-content\/uploads\/2018\/03\/RayosX1-768x432.jpeg 768w, https:\/\/www.hospitaldelrosario.gov.co\/portal\/wp-content\/uploads\/2018\/03\/RayosX1-800x450.jpeg 800w, https:\/\/www.hospitaldelrosario.gov.co\/portal\/wp-content\/uploads\/2018\/03\/RayosX1-1024x576.jpeg 1024w, https:\/\/www.hospitaldelrosario.gov.co\/portal\/wp-content\/uploads\/2018\/03\/RayosX1.jpeg 1032w\" sizes=\"(max-width: 1032px) 100vw, 1032px\" \/><\/a><\/div>\n\n<div class=\"carousel-slider__item\">\n\t<a class=\"magnific-popup\" href=\"https:\/\/www.hospitaldelrosario.gov.co\/portal\/wp-content\/uploads\/2018\/03\/RayosX4.jpeg\" data-width=\"1032\" data-height=\"581\"><img width=\"1032\" height=\"581\" src=\"https:\/\/www.hospitaldelrosario.gov.co\/portal\/wp-content\/uploads\/2018\/03\/RayosX4.jpeg\" class=\"attachment-full size-full\" alt=\"\" decoding=\"async\" srcset=\"https:\/\/www.hospitaldelrosario.gov.co\/portal\/wp-content\/uploads\/2018\/03\/RayosX4-200x113.jpeg 200w, https:\/\/www.hospitaldelrosario.gov.co\/portal\/wp-content\/uploads\/2018\/03\/RayosX4-300x169.jpeg 300w, https:\/\/www.hospitaldelrosario.gov.co\/portal\/wp-content\/uploads\/2018\/03\/RayosX4-400x225.jpeg 400w, https:\/\/www.hospitaldelrosario.gov.co\/portal\/wp-content\/uploads\/2018\/03\/RayosX4-600x338.jpeg 600w, https:\/\/www.hospitaldelrosario.gov.co\/portal\/wp-content\/uploads\/2018\/03\/RayosX4-768x432.jpeg 768w, https:\/\/www.hospitaldelrosario.gov.co\/portal\/wp-content\/uploads\/2018\/03\/RayosX4-800x450.jpeg 800w, https:\/\/www.hospitaldelrosario.gov.co\/portal\/wp-content\/uploads\/2018\/03\/RayosX4-1024x576.jpeg 1024w, https:\/\/www.hospitaldelrosario.gov.co\/portal\/wp-content\/uploads\/2018\/03\/RayosX4.jpeg 1032w\" sizes=\"(max-width: 1032px) 100vw, 1032px\" \/><\/a><\/div>\n\n<div class=\"carousel-slider__item\">\n\t<a class=\"magnific-popup\" href=\"https:\/\/www.hospitaldelrosario.gov.co\/portal\/wp-content\/uploads\/2018\/03\/RayosX3.jpeg\" data-width=\"1032\" data-height=\"581\"><img width=\"1032\" height=\"581\" src=\"https:\/\/www.hospitaldelrosario.gov.co\/portal\/wp-content\/uploads\/2018\/03\/RayosX3.jpeg\" class=\"attachment-full size-full\" alt=\"\" decoding=\"async\" srcset=\"https:\/\/www.hospitaldelrosario.gov.co\/portal\/wp-content\/uploads\/2018\/03\/RayosX3-200x113.jpeg 200w, https:\/\/www.hospitaldelrosario.gov.co\/portal\/wp-content\/uploads\/2018\/03\/RayosX3-300x169.jpeg 300w, https:\/\/www.hospitaldelrosario.gov.co\/portal\/wp-content\/uploads\/2018\/03\/RayosX3-400x225.jpeg 400w, https:\/\/www.hospitaldelrosario.gov.co\/portal\/wp-content\/uploads\/2018\/03\/RayosX3-600x338.jpeg 600w, https:\/\/www.hospitaldelrosario.gov.co\/portal\/wp-content\/uploads\/2018\/03\/RayosX3-768x432.jpeg 768w, https:\/\/www.hospitaldelrosario.gov.co\/portal\/wp-content\/uploads\/2018\/03\/RayosX3-800x450.jpeg 800w, https:\/\/www.hospitaldelrosario.gov.co\/portal\/wp-content\/uploads\/2018\/03\/RayosX3-1024x576.jpeg 1024w, https:\/\/www.hospitaldelrosario.gov.co\/portal\/wp-content\/uploads\/2018\/03\/RayosX3.jpeg 1032w\" sizes=\"(max-width: 1032px) 100vw, 1032px\" \/><\/a><\/div>\n\n<div class=\"carousel-slider__item\">\n\t<a class=\"magnific-popup\" href=\"https:\/\/www.hospitaldelrosario.gov.co\/portal\/wp-content\/uploads\/2018\/03\/RayosX5.jpeg\" data-width=\"1032\" data-height=\"581\"><img width=\"1032\" height=\"581\" src=\"https:\/\/www.hospitaldelrosario.gov.co\/portal\/wp-content\/uploads\/2018\/03\/RayosX5.jpeg\" class=\"attachment-full size-full\" alt=\"\" decoding=\"async\" srcset=\"https:\/\/www.hospitaldelrosario.gov.co\/portal\/wp-content\/uploads\/2018\/03\/RayosX5-200x113.jpeg 200w, https:\/\/www.hospitaldelrosario.gov.co\/portal\/wp-content\/uploads\/2018\/03\/RayosX5-300x169.jpeg 300w, https:\/\/www.hospitaldelrosario.gov.co\/portal\/wp-content\/uploads\/2018\/03\/RayosX5-400x225.jpeg 400w, https:\/\/www.hospitaldelrosario.gov.co\/portal\/wp-content\/uploads\/2018\/03\/RayosX5-600x338.jpeg 600w, https:\/\/www.hospitaldelrosario.gov.co\/portal\/wp-content\/uploads\/2018\/03\/RayosX5-768x432.jpeg 768w, https:\/\/www.hospitaldelrosario.gov.co\/portal\/wp-content\/uploads\/2018\/03\/RayosX5-800x450.jpeg 800w, https:\/\/www.hospitaldelrosario.gov.co\/portal\/wp-content\/uploads\/2018\/03\/RayosX5-1024x576.jpeg 1024w, https:\/\/www.hospitaldelrosario.gov.co\/portal\/wp-content\/uploads\/2018\/03\/RayosX5.jpeg 1032w\" sizes=\"(max-width: 1032px) 100vw, 1032px\" \/><\/a><\/div>\n\n<\/div><!-- .carousel-slider-1894 -->\n<\/div><!-- .carousel-slider-outer-1894 -->\n\n","protected":false},"excerpt":{"rendered":"<p>En la E.S.E Hospital del Rosario, prestamos los servicios para ex\u00e1menes de Rayos X, en: Cr\u00e1neo Simple Senos Paranasales Cavum Faringeo Maxilares Orbitas Odontoides Columna Cervical Columna Dorsal Columna Lumbosacra sacro c\u00f3ccix T\u00f3rax Reja costal Abdomen Simple Clav\u00edcula Hombro Esternoclavicular Humero Codo Antebrazo Mu\u00f1eca Mano Dedos en Mano Pelvis Cadera [&hellip;]<\/p>\n","protected":false},"author":1,"featured_media":0,"parent":9,"menu_order":18,"comment_status":"closed","ping_status":"closed","template":"","meta":{"_lmt_disableupdate":"","_lmt_disable":"","_links_to":"","_links_to_target":""},"aioseo_notices":[],"_links":{"self":[{"href":"https:\/\/www.hospitaldelrosario.gov.co\/portal\/wp-json\/wp\/v2\/pages\/2288"}],"collection":[{"href":"https:\/\/www.hospitaldelrosario.gov.co\/portal\/wp-json\/wp\/v2\/pages"}],"about":[{"href":"https:\/\/www.hospitaldelrosario.gov.co\/portal\/wp-json\/wp\/v2\/types\/page"}],"author":[{"embeddable":true,"href":"https:\/\/www.hospitaldelrosario.gov.co\/portal\/wp-json\/wp\/v2\/users\/1"}],"replies":[{"embeddable":true,"href":"https:\/\/www.hospitaldelrosario.gov.co\/portal\/wp-json\/wp\/v2\/comments?post=2288"}],"version-history":[{"count":5,"href":"https:\/\/www.hospitaldelrosario.gov.co\/portal\/wp-json\/wp\/v2\/pages\/2288\/revisions"}],"predecessor-version":[{"id":2733,"href":"https:\/\/www.hospitaldelrosario.gov.co\/portal\/wp-json\/wp\/v2\/pages\/2288\/revisions\/2733"}],"up":[{"embeddable":true,"href":"https:\/\/www.hospitaldelrosario.gov.co\/portal\/wp-json\/wp\/v2\/pages\/9"}],"wp:attachment":[{"href":"https:\/\/www.hospitaldelrosario.gov.co\/portal\/wp-json\/wp\/v2\/media?parent=2288"}],"curies":[{"name":"wp","href":"https:\/\/api.w.org\/{rel}","templated":true}]}}