{"id":2275,"date":"2017-06-13T18:48:42","date_gmt":"2017-06-13T23:48:42","guid":{"rendered":"http:\/\/www.hospitaldelrosario.gov.co\/portal\/?page_id=2275"},"modified":"2018-03-20T18:56:09","modified_gmt":"2018-03-20T23:56:09","slug":"hospitalizacion-2","status":"publish","type":"page","link":"https:\/\/www.hospitaldelrosario.gov.co\/portal\/servicios\/hospitalizacion-2\/","title":{"rendered":"Hospitalizaci\u00f3n"},"content":{"rendered":"<h5 style=\"text-align: justify;\"><span style=\"font-size: 12pt;\">Contamos con amplias y c\u00f3modas habitaciones unipersonales (pedi\u00e1tricas, obst\u00e9tricas y adultos), equipos de ox\u00edgeno, terapia y central de enfermer\u00eda, para aquellos usuarios que en el proceso de atenci\u00f3n m\u00e9dica requieren de cuidados especiales con recursos tecnol\u00f3gicos y humanos de alta calidad.<\/span><\/h5>\n<p>\n<center><div class=\"carousel-slider-outer carousel-slider-outer-image-carousel carousel-slider-outer-2721\" style=\"--carousel-slider-nav-color:#f1f1f1;--carousel-slider-active-nav-color:#f44336;--carousel-slider-arrow-size:48px;--carousel-slider-bullet-size:10px\">\n<div id=\"&#039;id-2721\" class=\"carousel-slider carousel-slider-2721 arrows-visibility-hover dots-visibility-never arrows-outside dots-center dots-square owl-carousel\" data-slide-type=\"image-carousel\" data-owl-settings='{\"nav\":true,\"dots\":false,\"slideBy\":1,\"stagePadding\":0,\"margin\":10,\"loop\":true,\"lazyLoad\":false,\"autoplay\":true,\"autoplayTimeout\":4000,\"autoplaySpeed\":500,\"autoplayHoverPause\":true,\"autoWidth\":false,\"responsive\":{\"300\":{\"items\":1},\"576\":{\"items\":2},\"768\":{\"items\":2},\"1024\":{\"items\":3},\"1280\":{\"items\":4},\"1536\":{\"items\":5}}}'>\n<div class=\"carousel-slider__item\">\n\t<a class=\"magnific-popup\" href=\"https:\/\/www.hospitaldelrosario.gov.co\/portal\/wp-content\/uploads\/2018\/03\/4.jpg\" data-width=\"1280\" data-height=\"960\"><img width=\"1280\" height=\"960\" src=\"https:\/\/www.hospitaldelrosario.gov.co\/portal\/wp-content\/uploads\/2018\/03\/4.jpg\" class=\"attachment-full size-full\" alt=\"\" decoding=\"async\" srcset=\"https:\/\/www.hospitaldelrosario.gov.co\/portal\/wp-content\/uploads\/2018\/03\/4-200x150.jpg 200w, https:\/\/www.hospitaldelrosario.gov.co\/portal\/wp-content\/uploads\/2018\/03\/4-300x225.jpg 300w, https:\/\/www.hospitaldelrosario.gov.co\/portal\/wp-content\/uploads\/2018\/03\/4-400x300.jpg 400w, https:\/\/www.hospitaldelrosario.gov.co\/portal\/wp-content\/uploads\/2018\/03\/4-600x450.jpg 600w, https:\/\/www.hospitaldelrosario.gov.co\/portal\/wp-content\/uploads\/2018\/03\/4-768x576.jpg 768w, https:\/\/www.hospitaldelrosario.gov.co\/portal\/wp-content\/uploads\/2018\/03\/4-800x600.jpg 800w, https:\/\/www.hospitaldelrosario.gov.co\/portal\/wp-content\/uploads\/2018\/03\/4-1024x768.jpg 1024w, https:\/\/www.hospitaldelrosario.gov.co\/portal\/wp-content\/uploads\/2018\/03\/4-1200x900.jpg 1200w, https:\/\/www.hospitaldelrosario.gov.co\/portal\/wp-content\/uploads\/2018\/03\/4.jpg 1280w\" sizes=\"(max-width: 1280px) 100vw, 1280px\" \/><\/a><\/div>\n\n<div class=\"carousel-slider__item\">\n\t<a class=\"magnific-popup\" href=\"https:\/\/www.hospitaldelrosario.gov.co\/portal\/wp-content\/uploads\/2018\/03\/3.jpg\" data-width=\"1280\" data-height=\"960\"><img width=\"1280\" height=\"960\" src=\"https:\/\/www.hospitaldelrosario.gov.co\/portal\/wp-content\/uploads\/2018\/03\/3.jpg\" class=\"attachment-full size-full\" alt=\"\" decoding=\"async\" srcset=\"https:\/\/www.hospitaldelrosario.gov.co\/portal\/wp-content\/uploads\/2018\/03\/3-200x150.jpg 200w, https:\/\/www.hospitaldelrosario.gov.co\/portal\/wp-content\/uploads\/2018\/03\/3-300x225.jpg 300w, https:\/\/www.hospitaldelrosario.gov.co\/portal\/wp-content\/uploads\/2018\/03\/3-400x300.jpg 400w, https:\/\/www.hospitaldelrosario.gov.co\/portal\/wp-content\/uploads\/2018\/03\/3-600x450.jpg 600w, https:\/\/www.hospitaldelrosario.gov.co\/portal\/wp-content\/uploads\/2018\/03\/3-768x576.jpg 768w, https:\/\/www.hospitaldelrosario.gov.co\/portal\/wp-content\/uploads\/2018\/03\/3-800x600.jpg 800w, https:\/\/www.hospitaldelrosario.gov.co\/portal\/wp-content\/uploads\/2018\/03\/3-1024x768.jpg 1024w, https:\/\/www.hospitaldelrosario.gov.co\/portal\/wp-content\/uploads\/2018\/03\/3-1200x900.jpg 1200w, https:\/\/www.hospitaldelrosario.gov.co\/portal\/wp-content\/uploads\/2018\/03\/3.jpg 1280w\" sizes=\"(max-width: 1280px) 100vw, 1280px\" \/><\/a><\/div>\n\n<div class=\"carousel-slider__item\">\n\t<a class=\"magnific-popup\" href=\"https:\/\/www.hospitaldelrosario.gov.co\/portal\/wp-content\/uploads\/2018\/03\/1.jpg\" data-width=\"1280\" data-height=\"960\"><img width=\"1280\" height=\"960\" src=\"https:\/\/www.hospitaldelrosario.gov.co\/portal\/wp-content\/uploads\/2018\/03\/1.jpg\" class=\"attachment-full size-full\" alt=\"\" decoding=\"async\" srcset=\"https:\/\/www.hospitaldelrosario.gov.co\/portal\/wp-content\/uploads\/2018\/03\/1-200x150.jpg 200w, https:\/\/www.hospitaldelrosario.gov.co\/portal\/wp-content\/uploads\/2018\/03\/1-300x225.jpg 300w, https:\/\/www.hospitaldelrosario.gov.co\/portal\/wp-content\/uploads\/2018\/03\/1-400x300.jpg 400w, https:\/\/www.hospitaldelrosario.gov.co\/portal\/wp-content\/uploads\/2018\/03\/1-600x450.jpg 600w, https:\/\/www.hospitaldelrosario.gov.co\/portal\/wp-content\/uploads\/2018\/03\/1-768x576.jpg 768w, https:\/\/www.hospitaldelrosario.gov.co\/portal\/wp-content\/uploads\/2018\/03\/1-800x600.jpg 800w, https:\/\/www.hospitaldelrosario.gov.co\/portal\/wp-content\/uploads\/2018\/03\/1-1024x768.jpg 1024w, https:\/\/www.hospitaldelrosario.gov.co\/portal\/wp-content\/uploads\/2018\/03\/1-1200x900.jpg 1200w, https:\/\/www.hospitaldelrosario.gov.co\/portal\/wp-content\/uploads\/2018\/03\/1.jpg 1280w\" sizes=\"(max-width: 1280px) 100vw, 1280px\" \/><\/a><\/div>\n\n<div class=\"carousel-slider__item\">\n\t<a class=\"magnific-popup\" href=\"https:\/\/www.hospitaldelrosario.gov.co\/portal\/wp-content\/uploads\/2018\/03\/2.jpg\" data-width=\"1280\" data-height=\"960\"><img width=\"1280\" height=\"960\" src=\"https:\/\/www.hospitaldelrosario.gov.co\/portal\/wp-content\/uploads\/2018\/03\/2.jpg\" class=\"attachment-full size-full\" alt=\"\" decoding=\"async\" srcset=\"https:\/\/www.hospitaldelrosario.gov.co\/portal\/wp-content\/uploads\/2018\/03\/2-200x150.jpg 200w, https:\/\/www.hospitaldelrosario.gov.co\/portal\/wp-content\/uploads\/2018\/03\/2-300x225.jpg 300w, https:\/\/www.hospitaldelrosario.gov.co\/portal\/wp-content\/uploads\/2018\/03\/2-400x300.jpg 400w, https:\/\/www.hospitaldelrosario.gov.co\/portal\/wp-content\/uploads\/2018\/03\/2-600x450.jpg 600w, https:\/\/www.hospitaldelrosario.gov.co\/portal\/wp-content\/uploads\/2018\/03\/2-768x576.jpg 768w, https:\/\/www.hospitaldelrosario.gov.co\/portal\/wp-content\/uploads\/2018\/03\/2-800x600.jpg 800w, https:\/\/www.hospitaldelrosario.gov.co\/portal\/wp-content\/uploads\/2018\/03\/2-1024x768.jpg 1024w, https:\/\/www.hospitaldelrosario.gov.co\/portal\/wp-content\/uploads\/2018\/03\/2-1200x900.jpg 1200w, https:\/\/www.hospitaldelrosario.gov.co\/portal\/wp-content\/uploads\/2018\/03\/2.jpg 1280w\" sizes=\"(max-width: 1280px) 100vw, 1280px\" \/><\/a><\/div>\n\n<\/div><!-- .carousel-slider-2721 -->\n<\/div><!-- .carousel-slider-outer-2721 -->\n<\/center><\/p>\n","protected":false},"excerpt":{"rendered":"<p>Contamos con amplias y c\u00f3modas habitaciones unipersonales (pedi\u00e1tricas, obst\u00e9tricas y adultos), equipos de ox\u00edgeno, terapia y central de enfermer\u00eda, para aquellos usuarios que en el proceso de atenci\u00f3n m\u00e9dica requieren de cuidados especiales con recursos tecnol\u00f3gicos y humanos de alta calidad.<\/p>\n","protected":false},"author":1,"featured_media":0,"parent":9,"menu_order":9,"comment_status":"closed","ping_status":"closed","template":"","meta":{"_lmt_disableupdate":"","_lmt_disable":"","_links_to":"","_links_to_target":""},"aioseo_notices":[],"_links":{"self":[{"href":"https:\/\/www.hospitaldelrosario.gov.co\/portal\/wp-json\/wp\/v2\/pages\/2275"}],"collection":[{"href":"https:\/\/www.hospitaldelrosario.gov.co\/portal\/wp-json\/wp\/v2\/pages"}],"about":[{"href":"https:\/\/www.hospitaldelrosario.gov.co\/portal\/wp-json\/wp\/v2\/types\/page"}],"author":[{"embeddable":true,"href":"https:\/\/www.hospitaldelrosario.gov.co\/portal\/wp-json\/wp\/v2\/users\/1"}],"replies":[{"embeddable":true,"href":"https:\/\/www.hospitaldelrosario.gov.co\/portal\/wp-json\/wp\/v2\/comments?post=2275"}],"version-history":[{"count":4,"href":"https:\/\/www.hospitaldelrosario.gov.co\/portal\/wp-json\/wp\/v2\/pages\/2275\/revisions"}],"predecessor-version":[{"id":2726,"href":"https:\/\/www.hospitaldelrosario.gov.co\/portal\/wp-json\/wp\/v2\/pages\/2275\/revisions\/2726"}],"up":[{"embeddable":true,"href":"https:\/\/www.hospitaldelrosario.gov.co\/portal\/wp-json\/wp\/v2\/pages\/9"}],"wp:attachment":[{"href":"https:\/\/www.hospitaldelrosario.gov.co\/portal\/wp-json\/wp\/v2\/media?parent=2275"}],"curies":[{"name":"wp","href":"https:\/\/api.w.org\/{rel}","templated":true}]}}