{"id":2269,"date":"2017-06-13T18:44:31","date_gmt":"2017-06-13T23:44:31","guid":{"rendered":"http:\/\/www.hospitaldelrosario.gov.co\/portal\/?page_id=2269"},"modified":"2018-02-27T11:27:10","modified_gmt":"2018-02-27T16:27:10","slug":"urgencias","status":"publish","type":"page","link":"https:\/\/www.hospitaldelrosario.gov.co\/portal\/servicios\/urgencias\/","title":{"rendered":"Urgencias"},"content":{"rendered":"<h5 style=\"text-align: justify;\"><span style=\"font-size: 12pt;\"><img decoding=\"async\" class=\"wp-image-1681 alignright\" src=\"http:\/\/www.hospitaldelrosario.gov.co\/portal\/wp-content\/uploads\/2017\/12\/hospitalizacion-300x215.jpg\" alt=\"\" width=\"361\" height=\"259\" srcset=\"https:\/\/www.hospitaldelrosario.gov.co\/portal\/wp-content\/uploads\/2017\/12\/hospitalizacion-200x143.jpg 200w, https:\/\/www.hospitaldelrosario.gov.co\/portal\/wp-content\/uploads\/2017\/12\/hospitalizacion-300x214.jpg 300w, https:\/\/www.hospitaldelrosario.gov.co\/portal\/wp-content\/uploads\/2017\/12\/hospitalizacion-400x286.jpg 400w, https:\/\/www.hospitaldelrosario.gov.co\/portal\/wp-content\/uploads\/2017\/12\/hospitalizacion-600x429.jpg 600w, https:\/\/www.hospitaldelrosario.gov.co\/portal\/wp-content\/uploads\/2017\/12\/hospitalizacion-768x549.jpg 768w, https:\/\/www.hospitaldelrosario.gov.co\/portal\/wp-content\/uploads\/2017\/12\/hospitalizacion-800x572.jpg 800w, https:\/\/www.hospitaldelrosario.gov.co\/portal\/wp-content\/uploads\/2017\/12\/hospitalizacion.jpg 984w\" sizes=\"(max-width: 361px) 100vw, 361px\" \/>El servicio de Urgencias se encuentra habilitado las 24 horas, con amplias y modernas instalaciones de alta tecnolog\u00eda para ofrecer los servicios de:<\/span><\/h5>\n<h5 style=\"text-align: justify;\"><span style=\"font-size: 12pt;\">&#8211; Consulta M\u00e9dica General.<\/span><\/h5>\n<h5 style=\"text-align: justify;\"><span style=\"font-size: 12pt;\">&#8211; Sala de Observaci\u00f3n.<\/span><\/h5>\n<h5 style=\"text-align: justify;\"><span style=\"font-size: 12pt;\">&#8211; Sala de Reanimaci\u00f3n.<\/span><\/h5>\n<h5 style=\"text-align: justify;\"><span style=\"font-size: 12pt;\">&#8211; Sala de Hidrataci\u00f3n Pedi\u00e1trica.<\/span><\/h5>\n<h5 style=\"text-align: justify;\"><span style=\"font-size: 12pt;\">&#8211; Sala de Partos.<\/span><\/h5>\n<h5 style=\"text-align: justify;\"><span style=\"font-size: 12pt;\">&#8211; Sala de Procedimientos. Servicio de transporte asistencial b\u00e1sico de pacientes. Se presta las 24 horas con personal de apoyo altamente calificado y ambulancias que cumplen con los est\u00e1ndares de calidad.<\/span><\/h5>\n<p><img decoding=\"async\" class=\"alignnone size-full wp-image-1686\" src=\"http:\/\/www.hospitaldelrosario.gov.co\/portal\/wp-content\/uploads\/2017\/12\/Triage.jpg\" alt=\"\" width=\"918\" height=\"649\" srcset=\"https:\/\/www.hospitaldelrosario.gov.co\/portal\/wp-content\/uploads\/2017\/12\/Triage-200x141.jpg 200w, https:\/\/www.hospitaldelrosario.gov.co\/portal\/wp-content\/uploads\/2017\/12\/Triage-300x212.jpg 300w, https:\/\/www.hospitaldelrosario.gov.co\/portal\/wp-content\/uploads\/2017\/12\/Triage-400x283.jpg 400w, https:\/\/www.hospitaldelrosario.gov.co\/portal\/wp-content\/uploads\/2017\/12\/Triage-600x424.jpg 600w, https:\/\/www.hospitaldelrosario.gov.co\/portal\/wp-content\/uploads\/2017\/12\/Triage-768x543.jpg 768w, https:\/\/www.hospitaldelrosario.gov.co\/portal\/wp-content\/uploads\/2017\/12\/Triage-800x566.jpg 800w, https:\/\/www.hospitaldelrosario.gov.co\/portal\/wp-content\/uploads\/2017\/12\/Triage.jpg 918w\" sizes=\"(max-width: 918px) 100vw, 918px\" \/><\/p>\n","protected":false},"excerpt":{"rendered":"<p>El servicio de Urgencias se encuentra habilitado las 24 horas, con amplias y modernas instalaciones de alta tecnolog\u00eda para ofrecer los servicios de: &#8211; Consulta M\u00e9dica General. &#8211; Sala de Observaci\u00f3n. &#8211; Sala de Reanimaci\u00f3n. &#8211; Sala de Hidrataci\u00f3n Pedi\u00e1trica. &#8211; Sala de Partos. &#8211; Sala de Procedimientos. Servicio de [&hellip;]<\/p>\n","protected":false},"author":1,"featured_media":0,"parent":9,"menu_order":6,"comment_status":"closed","ping_status":"closed","template":"","meta":{"_lmt_disableupdate":"","_lmt_disable":"","_links_to":"","_links_to_target":""},"aioseo_notices":[],"_links":{"self":[{"href":"https:\/\/www.hospitaldelrosario.gov.co\/portal\/wp-json\/wp\/v2\/pages\/2269"}],"collection":[{"href":"https:\/\/www.hospitaldelrosario.gov.co\/portal\/wp-json\/wp\/v2\/pages"}],"about":[{"href":"https:\/\/www.hospitaldelrosario.gov.co\/portal\/wp-json\/wp\/v2\/types\/page"}],"author":[{"embeddable":true,"href":"https:\/\/www.hospitaldelrosario.gov.co\/portal\/wp-json\/wp\/v2\/users\/1"}],"replies":[{"embeddable":true,"href":"https:\/\/www.hospitaldelrosario.gov.co\/portal\/wp-json\/wp\/v2\/comments?post=2269"}],"version-history":[{"count":8,"href":"https:\/\/www.hospitaldelrosario.gov.co\/portal\/wp-json\/wp\/v2\/pages\/2269\/revisions"}],"predecessor-version":[{"id":2457,"href":"https:\/\/www.hospitaldelrosario.gov.co\/portal\/wp-json\/wp\/v2\/pages\/2269\/revisions\/2457"}],"up":[{"embeddable":true,"href":"https:\/\/www.hospitaldelrosario.gov.co\/portal\/wp-json\/wp\/v2\/pages\/9"}],"wp:attachment":[{"href":"https:\/\/www.hospitaldelrosario.gov.co\/portal\/wp-json\/wp\/v2\/media?parent=2269"}],"curies":[{"name":"wp","href":"https:\/\/api.w.org\/{rel}","templated":true}]}}