{"id":1857,"date":"2017-12-27T03:49:21","date_gmt":"2017-12-27T08:49:21","guid":{"rendered":"http:\/\/www.hospitaldelrosario.gov.co\/portal\/?page_id=1857"},"modified":"2022-12-16T09:33:26","modified_gmt":"2022-12-16T14:33:26","slug":"noticias-boletines","status":"publish","type":"page","link":"https:\/\/www.hospitaldelrosario.gov.co\/portal\/noticias-boletines\/","title":{"rendered":"Noticias Boletines"},"content":{"rendered":"<div class=\"fusion-fullwidth fullwidth-box fusion-builder-row-1 fusion-flex-container nonhundred-percent-fullwidth non-hundred-percent-height-scrolling\" style=\"background-color: rgba(255,255,255,0);background-position: center center;background-repeat: no-repeat;border-width: 0px 0px 0px 0px;border-color:#eae9e9;border-style:solid;\" ><div class=\"fusion-builder-row fusion-row fusion-flex-align-items-flex-start\" style=\"max-width:1289.6px;margin-left: calc(-4% \/ 2 );margin-right: calc(-4% \/ 2 );\"><div class=\"fusion-layout-column fusion_builder_column fusion-builder-column-0 fusion_builder_column_1_1 1_1 fusion-flex-column\"><div class=\"fusion-column-wrapper fusion-flex-justify-content-flex-start fusion-content-layout-column\" style=\"background-position:left top;background-repeat:no-repeat;-webkit-background-size:cover;-moz-background-size:cover;-o-background-size:cover;background-size:cover;padding: 0px 0px 0px 0px;\"><div class=\"fusion-blog-shortcode fusion-blog-shortcode-1 fusion-blog-archive fusion-blog-layout-medium fusion-blog-pagination\"><div class=\"fusion-posts-container fusion-posts-container-pagination fusion-blog-rollover\" data-pages=\"59\"><article id=\"blog-1-post-10841\" class=\"fusion-post-medium post-10841 post type-post status-publish format-standard has-post-thumbnail hentry category-boletin\">\n\t<style type=\"text\/css\">\n\t\t\n\t\t\n\t\t\n\t\t\n\t\t\t<\/style>\n\n\n\t\t\t<div class=\"fusion-flexslider flexslider fusion-flexslider-loading fusion-post-slideshow\" style=\"\">\n\t\t<ul class=\"slides\">\n\t\t\t\n\t\t\t\t\t\t\t\t\t\t\t\t\t\t<li><div  class=\"fusion-image-wrapper fusion-image-size-fixed\" aria-haspopup=\"true\">\n\t\t\t\t<img width=\"320\" height=\"202\" src=\"https:\/\/www.hospitaldelrosario.gov.co\/portal\/wp-content\/uploads\/2026\/05\/image-2-320x202.png\" class=\"attachment-blog-medium size-blog-medium wp-post-image\" alt=\"\" decoding=\"async\" \/><div class=\"fusion-rollover\">\n\t<div class=\"fusion-rollover-content\">\n\n\t\t\t\t\t\t\t\t\t\t\t\t\t\t<a class=\"fusion-rollover-link\" href=\"https:\/\/www.hospitaldelrosario.gov.co\/portal\/%f0%9f%8e%82-felicitacion-de-cumpleanos-14\/\">\ud83c\udf82 Felicitaci\u00f3n de Cumplea\u00f1os<\/a>\n\t\t\t\n\t\t\t\t\t\t\t\t\t\t\t\t\t\t\n\t\t\t\t\t\t\t\t\n\t\t\t\t\t\t\t\t\t\t\t\t\t<div class=\"fusion-rollover-sep\"><\/div>\n\t\t\t\t\n\t\t\t\t\t\t\t\t\t\t\t\t\t\t\t\t\t\t<a class=\"fusion-rollover-gallery\" href=\"https:\/\/www.hospitaldelrosario.gov.co\/portal\/wp-content\/uploads\/2026\/05\/image-2.png\" data-id=\"10841\" data-rel=\"iLightbox[gallery]\" data-title=\"image (2)\" data-caption=\"\">\n\t\t\t\t\t\tGaler\u00eda\t\t\t\t\t<\/a>\n\t\t\t\t\t\t\t\t\t\t\t\t\t\t\n\t\t\n\t\t\t\t\t\t\t\t\t\t\t\t<h4 class=\"fusion-rollover-title\">\n\t\t\t\t\t<a class=\"fusion-rollover-title-link\" href=\"https:\/\/www.hospitaldelrosario.gov.co\/portal\/%f0%9f%8e%82-felicitacion-de-cumpleanos-14\/\">\n\t\t\t\t\t\t\ud83c\udf82 Felicitaci\u00f3n de Cumplea\u00f1os\t\t\t\t\t<\/a>\n\t\t\t\t<\/h4>\n\t\t\t\n\t\t\t\t\t\t\t\t\t\t<div class=\"fusion-rollover-categories\"><a href=\"https:\/\/www.hospitaldelrosario.gov.co\/portal\/category\/boletin\/\" rel=\"tag\">Bolet\u00edn<\/a><\/div>\t\t\t\t\t\n\t\t\n\t\t\t\t\t\t<a class=\"fusion-link-wrapper\" href=\"https:\/\/www.hospitaldelrosario.gov.co\/portal\/%f0%9f%8e%82-felicitacion-de-cumpleanos-14\/\" aria-label=\"\ud83c\udf82 Felicitaci\u00f3n de Cumplea\u00f1os\"><\/a>\n\t<\/div>\n<\/div>\n<\/div>\n<\/li>\n\t\t\t\n\t\t\t\n\t\t\t\t\t\t\t\t\t\t\t\t\t\t\t\t\t\t\t\t\t\t\t\t\t\t\t\t\t\t\t\t\t\t\t\t\t\t\t\t\t\t\t\t\t\t\t\t\t\t\t\t\t\t\t\t\t\t\t\t\t\t\t\t\t\t\t\t<\/ul>\n\t<\/div>\n\t<div class=\"fusion-post-content post-content\"><h2 class=\"blog-shortcode-post-title entry-title\"><a href=\"https:\/\/www.hospitaldelrosario.gov.co\/portal\/%f0%9f%8e%82-felicitacion-de-cumpleanos-14\/\">\ud83c\udf82 Felicitaci\u00f3n de Cumplea\u00f1os<\/a><\/h2><div class=\"fusion-post-content-container\"><p> Hoy queremos extender un especial y sentido saludo de cumplea\u00f1os a una gran funcionaria de nuestra ESE, quien durante m\u00e1s de 30 a\u00f1os ha entregado su vocaci\u00f3n, compromiso y calidad humana al servicio de<\/p><\/div><\/div><div class=\"fusion-clearfix\"><\/div><div class=\"fusion-meta-info\"><div class=\"fusion-alignleft\"><span class=\"vcard\" style=\"display: none;\"><span class=\"fn\"><a href=\"https:\/\/www.hospitaldelrosario.gov.co\/portal\/author\/ESE%20Hospital%20del%20Rosario\/\" title=\"Entradas de HRosario\" rel=\"author\">HRosario<\/a><\/span><\/span><span class=\"updated\" style=\"display:none;\">2026-05-07T19:21:23-05:00<\/span><span>jueves, mayo 7, 2026<\/span><span class=\"fusion-inline-sep\">|<\/span><\/div><div class=\"fusion-alignright\"><a class=\"fusion-read-more\" href=\"https:\/\/www.hospitaldelrosario.gov.co\/portal\/%f0%9f%8e%82-felicitacion-de-cumpleanos-14\/\" aria-label=\"More on \ud83c\udf82 Felicitaci\u00f3n de Cumplea\u00f1os\">Leer M\u00e1s<\/a><\/div><\/div><\/article>\n<article id=\"blog-1-post-10811\" class=\"fusion-post-medium post-10811 post type-post status-publish format-standard has-post-thumbnail hentry category-boletin\">\n\t<style type=\"text\/css\">\n\t\t\n\t\t\n\t\t\n\t\t\n\t\t\t<\/style>\n\n\n\t\t\t<div class=\"fusion-flexslider flexslider fusion-flexslider-loading fusion-post-slideshow\" style=\"\">\n\t\t<ul class=\"slides\">\n\t\t\t\n\t\t\t\t\t\t\t\t\t\t\t\t\t\t<li><div  class=\"fusion-image-wrapper fusion-image-size-fixed\" aria-haspopup=\"true\">\n\t\t\t\t<img width=\"320\" height=\"202\" src=\"https:\/\/www.hospitaldelrosario.gov.co\/portal\/wp-content\/uploads\/2026\/04\/WhatsApp-Image-2026-04-29-at-5.34.36-PM-320x202.jpeg\" class=\"attachment-blog-medium size-blog-medium wp-post-image\" alt=\"\" decoding=\"async\" srcset=\"https:\/\/www.hospitaldelrosario.gov.co\/portal\/wp-content\/uploads\/2026\/04\/WhatsApp-Image-2026-04-29-at-5.34.36-PM-320x202.jpeg 320w, https:\/\/www.hospitaldelrosario.gov.co\/portal\/wp-content\/uploads\/2026\/04\/WhatsApp-Image-2026-04-29-at-5.34.36-PM-700x441.jpeg 700w\" sizes=\"(max-width: 320px) 100vw, 320px\" \/><div class=\"fusion-rollover\">\n\t<div class=\"fusion-rollover-content\">\n\n\t\t\t\t\t\t\t\t\t\t\t\t\t\t<a class=\"fusion-rollover-link\" href=\"https:\/\/www.hospitaldelrosario.gov.co\/portal\/en-la-e-s-e-hospital-del-rosario-seguimos-fortaleciendo-una-atencion-con-calidad-calidez-y-sentido-humano\/\">En la E.S.E. Hospital del Rosario seguimos fortaleciendo una atenci\u00f3n con calidad, calidez y sentido humano.<\/a>\n\t\t\t\n\t\t\t\t\t\t\t\t\t\t\t\t\t\t\n\t\t\t\t\t\t\t\t\n\t\t\t\t\t\t\t\t\t\t\t\t\t<div class=\"fusion-rollover-sep\"><\/div>\n\t\t\t\t\n\t\t\t\t\t\t\t\t\t\t\t\t\t\t\t\t\t\t<a class=\"fusion-rollover-gallery\" href=\"https:\/\/www.hospitaldelrosario.gov.co\/portal\/wp-content\/uploads\/2026\/04\/WhatsApp-Image-2026-04-29-at-5.34.36-PM.jpeg\" data-id=\"10811\" data-rel=\"iLightbox[gallery]\" data-title=\"WhatsApp Image 2026-04-29 at 5.34.36 PM\" data-caption=\"\">\n\t\t\t\t\t\tGaler\u00eda\t\t\t\t\t<\/a>\n\t\t\t\t\t\t\t\t\t\t\t\t\t\t\n\t\t\n\t\t\t\t\t\t\t\t\t\t\t\t<h4 class=\"fusion-rollover-title\">\n\t\t\t\t\t<a class=\"fusion-rollover-title-link\" href=\"https:\/\/www.hospitaldelrosario.gov.co\/portal\/en-la-e-s-e-hospital-del-rosario-seguimos-fortaleciendo-una-atencion-con-calidad-calidez-y-sentido-humano\/\">\n\t\t\t\t\t\tEn la E.S.E. Hospital del Rosario seguimos fortaleciendo una atenci\u00f3n con calidad, calidez y sentido humano.\t\t\t\t\t<\/a>\n\t\t\t\t<\/h4>\n\t\t\t\n\t\t\t\t\t\t\t\t\t\t<div class=\"fusion-rollover-categories\"><a href=\"https:\/\/www.hospitaldelrosario.gov.co\/portal\/category\/boletin\/\" rel=\"tag\">Bolet\u00edn<\/a><\/div>\t\t\t\t\t\n\t\t\n\t\t\t\t\t\t<a class=\"fusion-link-wrapper\" href=\"https:\/\/www.hospitaldelrosario.gov.co\/portal\/en-la-e-s-e-hospital-del-rosario-seguimos-fortaleciendo-una-atencion-con-calidad-calidez-y-sentido-humano\/\" aria-label=\"En la E.S.E. Hospital del Rosario seguimos fortaleciendo una atenci\u00f3n con calidad, calidez y sentido humano.\"><\/a>\n\t<\/div>\n<\/div>\n<\/div>\n<\/li>\n\t\t\t\n\t\t\t\n\t\t\t\t\t\t\t\t\t\t\t\t\t\t\t\t\t\t\t\t\t\t\t\t\t\t\t\t\t\t\t\t\t\t\t\t\t\t\t\t\t\t\t\t\t\t\t\t\t\t\t\t\t\t\t\t\t\t\t\t\t\t\t\t\t\t\t\t<\/ul>\n\t<\/div>\n\t<div class=\"fusion-post-content post-content\"><h2 class=\"blog-shortcode-post-title entry-title\"><a href=\"https:\/\/www.hospitaldelrosario.gov.co\/portal\/en-la-e-s-e-hospital-del-rosario-seguimos-fortaleciendo-una-atencion-con-calidad-calidez-y-sentido-humano\/\">En la E.S.E. Hospital del Rosario seguimos fortaleciendo una atenci\u00f3n con calidad, calidez y sentido humano.<\/a><\/h2><div class=\"fusion-post-content-container\"><p> En el marco de nuestra Pol\u00edtica de Atenci\u00f3n Humanizada en los Servicios de Salud, desarrollamos la actividad \u201cM\u00edrame a los ojos\u201d, una iniciativa orientada a promover el respeto, la empat\u00eda y la dignidad en<\/p><\/div><\/div><div class=\"fusion-clearfix\"><\/div><div class=\"fusion-meta-info\"><div class=\"fusion-alignleft\"><span class=\"vcard\" style=\"display: none;\"><span class=\"fn\"><a href=\"https:\/\/www.hospitaldelrosario.gov.co\/portal\/author\/ESE%20Hospital%20del%20Rosario\/\" title=\"Entradas de HRosario\" rel=\"author\">HRosario<\/a><\/span><\/span><span class=\"updated\" style=\"display:none;\">2026-04-30T08:55:26-05:00<\/span><span>mi\u00e9rcoles, abril 29, 2026<\/span><span class=\"fusion-inline-sep\">|<\/span><\/div><div class=\"fusion-alignright\"><a class=\"fusion-read-more\" href=\"https:\/\/www.hospitaldelrosario.gov.co\/portal\/en-la-e-s-e-hospital-del-rosario-seguimos-fortaleciendo-una-atencion-con-calidad-calidez-y-sentido-humano\/\" aria-label=\"More on En la E.S.E. Hospital del Rosario seguimos fortaleciendo una atenci\u00f3n con calidad, calidez y sentido humano.\">Leer M\u00e1s<\/a><\/div><\/div><\/article>\n<article id=\"blog-1-post-10789\" class=\"fusion-post-medium post-10789 post type-post status-publish format-standard has-post-thumbnail hentry category-boletin\">\n\t<style type=\"text\/css\">\n\t\t\n\t\t\n\t\t\n\t\t\n\t\t\t<\/style>\n\n\n\t\t\t<div class=\"fusion-flexslider flexslider fusion-flexslider-loading fusion-post-slideshow\" style=\"\">\n\t\t<ul class=\"slides\">\n\t\t\t\n\t\t\t\t\t\t\t\t\t\t\t\t\t\t<li><div  class=\"fusion-image-wrapper fusion-image-size-fixed\" aria-haspopup=\"true\">\n\t\t\t\t<img width=\"320\" height=\"202\" src=\"https:\/\/www.hospitaldelrosario.gov.co\/portal\/wp-content\/uploads\/2026\/04\/ABRIL-320x202.png\" class=\"attachment-blog-medium size-blog-medium wp-post-image\" alt=\"\" decoding=\"async\" srcset=\"https:\/\/www.hospitaldelrosario.gov.co\/portal\/wp-content\/uploads\/2026\/04\/ABRIL-320x202.png 320w, https:\/\/www.hospitaldelrosario.gov.co\/portal\/wp-content\/uploads\/2026\/04\/ABRIL-700x441.png 700w\" sizes=\"(max-width: 320px) 100vw, 320px\" \/><div class=\"fusion-rollover\">\n\t<div class=\"fusion-rollover-content\">\n\n\t\t\t\t\t\t\t\t\t\t\t\t\t\t<a class=\"fusion-rollover-link\" href=\"https:\/\/www.hospitaldelrosario.gov.co\/portal\/%f0%9f%8e%89-feliz-cumpleanos-marzo-%f0%9f%8e%89-2\/\">\ud83c\udf89 Feliz Cumplea\u00f1os \u2013 Abril\ud83c\udf89<\/a>\n\t\t\t\n\t\t\t\t\t\t\t\t\t\t\t\t\t\t\n\t\t\t\t\t\t\t\t\n\t\t\t\t\t\t\t\t\t\t\t\t\t<div class=\"fusion-rollover-sep\"><\/div>\n\t\t\t\t\n\t\t\t\t\t\t\t\t\t\t\t\t\t\t\t\t\t\t<a class=\"fusion-rollover-gallery\" href=\"https:\/\/www.hospitaldelrosario.gov.co\/portal\/wp-content\/uploads\/2026\/04\/ABRIL.png\" data-id=\"10789\" data-rel=\"iLightbox[gallery]\" data-title=\"ABRIL\" data-caption=\"\">\n\t\t\t\t\t\tGaler\u00eda\t\t\t\t\t<\/a>\n\t\t\t\t\t\t\t\t\t\t\t\t\t\t\n\t\t\n\t\t\t\t\t\t\t\t\t\t\t\t<h4 class=\"fusion-rollover-title\">\n\t\t\t\t\t<a class=\"fusion-rollover-title-link\" href=\"https:\/\/www.hospitaldelrosario.gov.co\/portal\/%f0%9f%8e%89-feliz-cumpleanos-marzo-%f0%9f%8e%89-2\/\">\n\t\t\t\t\t\t\ud83c\udf89 Feliz Cumplea\u00f1os \u2013 Abril\ud83c\udf89\t\t\t\t\t<\/a>\n\t\t\t\t<\/h4>\n\t\t\t\n\t\t\t\t\t\t\t\t\t\t<div class=\"fusion-rollover-categories\"><a href=\"https:\/\/www.hospitaldelrosario.gov.co\/portal\/category\/boletin\/\" rel=\"tag\">Bolet\u00edn<\/a><\/div>\t\t\t\t\t\n\t\t\n\t\t\t\t\t\t<a class=\"fusion-link-wrapper\" href=\"https:\/\/www.hospitaldelrosario.gov.co\/portal\/%f0%9f%8e%89-feliz-cumpleanos-marzo-%f0%9f%8e%89-2\/\" aria-label=\"\ud83c\udf89 Feliz Cumplea\u00f1os \u2013 Abril\ud83c\udf89\"><\/a>\n\t<\/div>\n<\/div>\n<\/div>\n<\/li>\n\t\t\t\n\t\t\t\n\t\t\t\t\t\t\t\t\t\t\t\t\t\t\t\t\t\t\t\t\t\t\t\t\t\t\t\t\t\t\t\t\t\t\t\t\t\t\t\t\t\t\t\t\t\t\t\t\t\t\t\t\t\t\t\t\t\t\t\t\t\t\t\t\t\t\t\t<\/ul>\n\t<\/div>\n\t<div class=\"fusion-post-content post-content\"><h2 class=\"blog-shortcode-post-title entry-title\"><a href=\"https:\/\/www.hospitaldelrosario.gov.co\/portal\/%f0%9f%8e%89-feliz-cumpleanos-marzo-%f0%9f%8e%89-2\/\">\ud83c\udf89 Feliz Cumplea\u00f1os \u2013 Abril\ud83c\udf89<\/a><\/h2><div class=\"fusion-post-content-container\"><p> Desde el \u00e1rea de Talento Humano, en cabeza de\u00a0nuestro gerente, el doctor Alexander Moreno, junto con la doctora Constanza Molano y la jefe Esperanza, celebramos con especial aprecio a todos los colaboradores de la<\/p><\/div><\/div><div class=\"fusion-clearfix\"><\/div><div class=\"fusion-meta-info\"><div class=\"fusion-alignleft\"><span class=\"vcard\" style=\"display: none;\"><span class=\"fn\"><a href=\"https:\/\/www.hospitaldelrosario.gov.co\/portal\/author\/ESE%20Hospital%20del%20Rosario\/\" title=\"Entradas de HRosario\" rel=\"author\">HRosario<\/a><\/span><\/span><span class=\"updated\" style=\"display:none;\">2026-04-16T12:07:52-05:00<\/span><span>jueves, abril 16, 2026<\/span><span class=\"fusion-inline-sep\">|<\/span><\/div><div class=\"fusion-alignright\"><a class=\"fusion-read-more\" href=\"https:\/\/www.hospitaldelrosario.gov.co\/portal\/%f0%9f%8e%89-feliz-cumpleanos-marzo-%f0%9f%8e%89-2\/\" aria-label=\"More on \ud83c\udf89 Feliz Cumplea\u00f1os \u2013 Abril\ud83c\udf89\">Leer M\u00e1s<\/a><\/div><\/div><\/article>\n<article id=\"blog-1-post-10700\" class=\"fusion-post-medium post-10700 post type-post status-publish format-standard has-post-thumbnail hentry category-boletin\">\n\t<style type=\"text\/css\">\n\t\t\n\t\t\n\t\t\n\t\t\n\t\t\t<\/style>\n\n\n\t\t\t<div class=\"fusion-flexslider flexslider fusion-flexslider-loading fusion-post-slideshow\" style=\"\">\n\t\t<ul class=\"slides\">\n\t\t\t\n\t\t\t\t\t\t\t\t\t\t\t\t\t\t<li><div  class=\"fusion-image-wrapper fusion-image-size-fixed\" aria-haspopup=\"true\">\n\t\t\t\t<img width=\"320\" height=\"202\" src=\"https:\/\/www.hospitaldelrosario.gov.co\/portal\/wp-content\/uploads\/2026\/03\/WhatsApp-Image-2026-03-09-at-10.01.31-AM1-320x202.jpeg\" class=\"attachment-blog-medium size-blog-medium wp-post-image\" alt=\"\" decoding=\"async\" srcset=\"https:\/\/www.hospitaldelrosario.gov.co\/portal\/wp-content\/uploads\/2026\/03\/WhatsApp-Image-2026-03-09-at-10.01.31-AM1-320x202.jpeg 320w, https:\/\/www.hospitaldelrosario.gov.co\/portal\/wp-content\/uploads\/2026\/03\/WhatsApp-Image-2026-03-09-at-10.01.31-AM1-700x441.jpeg 700w\" sizes=\"(max-width: 320px) 100vw, 320px\" \/><div class=\"fusion-rollover\">\n\t<div class=\"fusion-rollover-content\">\n\n\t\t\t\t\t\t\t\t\t\t\t\t\t\t<a class=\"fusion-rollover-link\" href=\"https:\/\/www.hospitaldelrosario.gov.co\/portal\/%f0%9f%8e%89-feliz-cumpleanos-marzo-%f0%9f%8e%89\/\">\ud83c\udf89 Feliz Cumplea\u00f1os \u2013 Marzo \ud83c\udf89<\/a>\n\t\t\t\n\t\t\t\t\t\t\t\t\t\t\t\t\t\t\n\t\t\t\t\t\t\t\t\n\t\t\t\t\t\t\t\t\t\t\t\t\t<div class=\"fusion-rollover-sep\"><\/div>\n\t\t\t\t\n\t\t\t\t\t\t\t\t\t\t\t\t\t\t\t\t\t\t<a class=\"fusion-rollover-gallery\" href=\"https:\/\/www.hospitaldelrosario.gov.co\/portal\/wp-content\/uploads\/2026\/03\/WhatsApp-Image-2026-03-09-at-10.01.31-AM1.jpeg\" data-id=\"10700\" data-rel=\"iLightbox[gallery]\" data-title=\"WhatsApp Image 2026-03-09 at 10.01.31 AM(1)\" data-caption=\"\">\n\t\t\t\t\t\tGaler\u00eda\t\t\t\t\t<\/a>\n\t\t\t\t\t\t\t\t\t\t\t\t\t\t\n\t\t\n\t\t\t\t\t\t\t\t\t\t\t\t<h4 class=\"fusion-rollover-title\">\n\t\t\t\t\t<a class=\"fusion-rollover-title-link\" href=\"https:\/\/www.hospitaldelrosario.gov.co\/portal\/%f0%9f%8e%89-feliz-cumpleanos-marzo-%f0%9f%8e%89\/\">\n\t\t\t\t\t\t\ud83c\udf89 Feliz Cumplea\u00f1os \u2013 Marzo \ud83c\udf89\t\t\t\t\t<\/a>\n\t\t\t\t<\/h4>\n\t\t\t\n\t\t\t\t\t\t\t\t\t\t<div class=\"fusion-rollover-categories\"><a href=\"https:\/\/www.hospitaldelrosario.gov.co\/portal\/category\/boletin\/\" rel=\"tag\">Bolet\u00edn<\/a><\/div>\t\t\t\t\t\n\t\t\n\t\t\t\t\t\t<a class=\"fusion-link-wrapper\" href=\"https:\/\/www.hospitaldelrosario.gov.co\/portal\/%f0%9f%8e%89-feliz-cumpleanos-marzo-%f0%9f%8e%89\/\" aria-label=\"\ud83c\udf89 Feliz Cumplea\u00f1os \u2013 Marzo \ud83c\udf89\"><\/a>\n\t<\/div>\n<\/div>\n<\/div>\n<\/li>\n\t\t\t\n\t\t\t\n\t\t\t\t\t\t\t\t\t\t\t\t\t\t\t\t\t\t\t\t\t\t\t\t\t\t\t\t\t\t\t\t\t\t\t\t\t\t\t\t\t\t\t\t\t\t\t\t\t\t\t\t\t\t\t\t\t\t\t\t\t\t\t\t\t\t\t\t<\/ul>\n\t<\/div>\n\t<div class=\"fusion-post-content post-content\"><h2 class=\"blog-shortcode-post-title entry-title\"><a href=\"https:\/\/www.hospitaldelrosario.gov.co\/portal\/%f0%9f%8e%89-feliz-cumpleanos-marzo-%f0%9f%8e%89\/\">\ud83c\udf89 Feliz Cumplea\u00f1os \u2013 Marzo \ud83c\udf89<\/a><\/h2><div class=\"fusion-post-content-container\"><p> Desde el \u00e1rea de Talento Humano, en cabeza de nuestro Gerente el doctor Alexander Moreno, la Doctora Constanza molano y la jefe Esperanza Galindo celebramos con especial alegr\u00eda a todo nuestro personal de la<\/p><\/div><\/div><div class=\"fusion-clearfix\"><\/div><div class=\"fusion-meta-info\"><div class=\"fusion-alignleft\"><span class=\"vcard\" style=\"display: none;\"><span class=\"fn\"><a href=\"https:\/\/www.hospitaldelrosario.gov.co\/portal\/author\/ESE%20Hospital%20del%20Rosario\/\" title=\"Entradas de HRosario\" rel=\"author\">HRosario<\/a><\/span><\/span><span class=\"updated\" style=\"display:none;\">2026-03-25T10:17:00-05:00<\/span><span>mi\u00e9rcoles, marzo 25, 2026<\/span><span class=\"fusion-inline-sep\">|<\/span><\/div><div class=\"fusion-alignright\"><a class=\"fusion-read-more\" href=\"https:\/\/www.hospitaldelrosario.gov.co\/portal\/%f0%9f%8e%89-feliz-cumpleanos-marzo-%f0%9f%8e%89\/\" aria-label=\"More on \ud83c\udf89 Feliz Cumplea\u00f1os \u2013 Marzo \ud83c\udf89\">Leer M\u00e1s<\/a><\/div><\/div><\/article>\n<article id=\"blog-1-post-10709\" class=\"fusion-post-medium post-10709 post type-post status-publish format-standard has-post-thumbnail hentry category-boletin\">\n\t<style type=\"text\/css\">\n\t\t\n\t\t\n\t\t\n\t\t\n\t\t\t<\/style>\n\n\n\t\t\t<div class=\"fusion-flexslider flexslider fusion-flexslider-loading fusion-post-slideshow\" style=\"\">\n\t\t<ul class=\"slides\">\n\t\t\t\n\t\t\t\t\t\t\t\t\t\t\t\t\t\t<li><div  class=\"fusion-image-wrapper fusion-image-size-fixed\" aria-haspopup=\"true\">\n\t\t\t\t<img width=\"320\" height=\"202\" src=\"https:\/\/www.hospitaldelrosario.gov.co\/portal\/wp-content\/uploads\/2026\/03\/656744588_18139587943503350_1108501114904249459_n-320x202.jpg\" class=\"attachment-blog-medium size-blog-medium wp-post-image\" alt=\"\" decoding=\"async\" srcset=\"https:\/\/www.hospitaldelrosario.gov.co\/portal\/wp-content\/uploads\/2026\/03\/656744588_18139587943503350_1108501114904249459_n-320x202.jpg 320w, https:\/\/www.hospitaldelrosario.gov.co\/portal\/wp-content\/uploads\/2026\/03\/656744588_18139587943503350_1108501114904249459_n-700x441.jpg 700w\" sizes=\"(max-width: 320px) 100vw, 320px\" \/><div class=\"fusion-rollover\">\n\t<div class=\"fusion-rollover-content\">\n\n\t\t\t\t\t\t\t\t\t\t\t\t\t\t<a class=\"fusion-rollover-link\" href=\"https:\/\/www.hospitaldelrosario.gov.co\/portal\/dia-mundial-del-agua-2\/\">\u00a1D\u00eda Mundial del Agua!<\/a>\n\t\t\t\n\t\t\t\t\t\t\t\t\t\t\t\t\t\t\n\t\t\t\t\t\t\t\t\n\t\t\t\t\t\t\t\t\t\t\t\t\t<div class=\"fusion-rollover-sep\"><\/div>\n\t\t\t\t\n\t\t\t\t\t\t\t\t\t\t\t\t\t\t\t\t\t\t<a class=\"fusion-rollover-gallery\" href=\"https:\/\/www.hospitaldelrosario.gov.co\/portal\/wp-content\/uploads\/2026\/03\/656744588_18139587943503350_1108501114904249459_n.jpg\" data-id=\"10709\" data-rel=\"iLightbox[gallery]\" data-title=\"656744588_18139587943503350_1108501114904249459_n\" data-caption=\"\">\n\t\t\t\t\t\tGaler\u00eda\t\t\t\t\t<\/a>\n\t\t\t\t\t\t\t\t\t\t\t\t\t\t\n\t\t\n\t\t\t\t\t\t\t\t\t\t\t\t<h4 class=\"fusion-rollover-title\">\n\t\t\t\t\t<a class=\"fusion-rollover-title-link\" href=\"https:\/\/www.hospitaldelrosario.gov.co\/portal\/dia-mundial-del-agua-2\/\">\n\t\t\t\t\t\t\u00a1D\u00eda Mundial del Agua!\t\t\t\t\t<\/a>\n\t\t\t\t<\/h4>\n\t\t\t\n\t\t\t\t\t\t\t\t\t\t<div class=\"fusion-rollover-categories\"><a href=\"https:\/\/www.hospitaldelrosario.gov.co\/portal\/category\/boletin\/\" rel=\"tag\">Bolet\u00edn<\/a><\/div>\t\t\t\t\t\n\t\t\n\t\t\t\t\t\t<a class=\"fusion-link-wrapper\" href=\"https:\/\/www.hospitaldelrosario.gov.co\/portal\/dia-mundial-del-agua-2\/\" aria-label=\"\u00a1D\u00eda Mundial del Agua!\"><\/a>\n\t<\/div>\n<\/div>\n<\/div>\n<\/li>\n\t\t\t\n\t\t\t\n\t\t\t\t\t\t\t\t\t\t\t\t\t\t\t\t\t\t\t\t\t\t\t\t\t\t\t\t\t\t\t\t\t\t\t\t\t\t\t\t\t\t\t\t\t\t\t\t\t\t\t\t\t\t\t\t\t\t\t\t\t\t\t\t\t\t\t\t<\/ul>\n\t<\/div>\n\t<div class=\"fusion-post-content post-content\"><h2 class=\"blog-shortcode-post-title entry-title\"><a href=\"https:\/\/www.hospitaldelrosario.gov.co\/portal\/dia-mundial-del-agua-2\/\">\u00a1D\u00eda Mundial del Agua!<\/a><\/h2><div class=\"fusion-post-content-container\"><p> Hoy recordamos que el agua es vida, salud y futuro. Desde Campoalegre invitamos a todos a cuidarla con acciones simples que marcan la diferencia en nuestro entorno. Cada gota cuenta. Cuidarla es responsabilidad de<\/p><\/div><\/div><div class=\"fusion-clearfix\"><\/div><div class=\"fusion-meta-info\"><div class=\"fusion-alignleft\"><span class=\"vcard\" style=\"display: none;\"><span class=\"fn\"><a href=\"https:\/\/www.hospitaldelrosario.gov.co\/portal\/author\/ESE%20Hospital%20del%20Rosario\/\" title=\"Entradas de HRosario\" rel=\"author\">HRosario<\/a><\/span><\/span><span class=\"updated\" style=\"display:none;\">2026-03-27T10:10:48-05:00<\/span><span>domingo, marzo 22, 2026<\/span><span class=\"fusion-inline-sep\">|<\/span><\/div><div class=\"fusion-alignright\"><a class=\"fusion-read-more\" href=\"https:\/\/www.hospitaldelrosario.gov.co\/portal\/dia-mundial-del-agua-2\/\" aria-label=\"More on \u00a1D\u00eda Mundial del Agua!\">Leer M\u00e1s<\/a><\/div><\/div><\/article>\n<\/div><div class=\"pagination clearfix\"><span class=\"current\">1<\/span><a href=\"https:\/\/www.hospitaldelrosario.gov.co\/portal\/wp-json\/wp\/v2\/pages\/1857\/page\/2\/\" class=\"inactive\">2<\/a><a class=\"pagination-next\" rel=\"next\" href=\"https:\/\/www.hospitaldelrosario.gov.co\/portal\/wp-json\/wp\/v2\/pages\/1857\/page\/2\/\"><span class=\"page-text\">Siguiente<\/span><span class=\"page-next\"><\/span><\/a><\/div><div class=\"fusion-clearfix\"><\/div><\/div><\/div><style type=\"text\/css\">.fusion-body .fusion-builder-column-0{width:100% !important;margin-top : 0px;margin-bottom : 0px;}.fusion-builder-column-0 > .fusion-column-wrapper {padding-top : 0px !important;padding-right : 0px !important;margin-right : 1.92%;padding-bottom : 0px !important;padding-left : 0px !important;margin-left : 1.92%;}@media only screen and (max-width:1024px) {.fusion-body .fusion-builder-column-0{width:100% !important;}.fusion-builder-column-0 > .fusion-column-wrapper {margin-right : 1.92%;margin-left : 1.92%;}}@media only screen and (max-width:640px) {.fusion-body .fusion-builder-column-0{width:100% !important;}.fusion-builder-column-0 > .fusion-column-wrapper {margin-right : 1.92%;margin-left : 1.92%;}}<\/style><\/div><\/div><style type=\"text\/css\">.fusion-body .fusion-flex-container.fusion-builder-row-1{ padding-top : 0px;margin-top : 0px;padding-right : 0px;padding-bottom : 0px;margin-bottom : 0px;padding-left : 0px;}<\/style><\/div>\n","protected":false},"excerpt":{"rendered":"","protected":false},"author":1,"featured_media":0,"parent":0,"menu_order":0,"comment_status":"closed","ping_status":"closed","template":"","meta":{"_lmt_disableupdate":"no","_lmt_disable":"no","_links_to":"","_links_to_target":""},"aioseo_notices":[],"_links":{"self":[{"href":"https:\/\/www.hospitaldelrosario.gov.co\/portal\/wp-json\/wp\/v2\/pages\/1857"}],"collection":[{"href":"https:\/\/www.hospitaldelrosario.gov.co\/portal\/wp-json\/wp\/v2\/pages"}],"about":[{"href":"https:\/\/www.hospitaldelrosario.gov.co\/portal\/wp-json\/wp\/v2\/types\/page"}],"author":[{"embeddable":true,"href":"https:\/\/www.hospitaldelrosario.gov.co\/portal\/wp-json\/wp\/v2\/users\/1"}],"replies":[{"embeddable":true,"href":"https:\/\/www.hospitaldelrosario.gov.co\/portal\/wp-json\/wp\/v2\/comments?post=1857"}],"version-history":[{"count":8,"href":"https:\/\/www.hospitaldelrosario.gov.co\/portal\/wp-json\/wp\/v2\/pages\/1857\/revisions"}],"predecessor-version":[{"id":7194,"href":"https:\/\/www.hospitaldelrosario.gov.co\/portal\/wp-json\/wp\/v2\/pages\/1857\/revisions\/7194"}],"wp:attachment":[{"href":"https:\/\/www.hospitaldelrosario.gov.co\/portal\/wp-json\/wp\/v2\/media?parent=1857"}],"curies":[{"name":"wp","href":"https:\/\/api.w.org\/{rel}","templated":true}]}}