{"id":10631,"date":"2026-03-05T18:29:20","date_gmt":"2026-03-05T23:29:20","guid":{"rendered":"https:\/\/www.hospitaldelrosario.gov.co\/portal\/?page_id=10631"},"modified":"2026-03-05T18:29:20","modified_gmt":"2026-03-05T23:29:20","slug":"politica-de-gestion-documental-2","status":"publish","type":"page","link":"https:\/\/www.hospitaldelrosario.gov.co\/portal\/politica-de-gestion-documental-2\/","title":{"rendered":"Pol\u00edtica de Gesti\u00f3n Documental"},"content":{"rendered":"<div class=\"fusion-fullwidth fullwidth-box fusion-builder-row-1 fusion-flex-container has-pattern-background has-mask-background nonhundred-percent-fullwidth non-hundred-percent-height-scrolling\" style=\"background-color: rgba(255,255,255,0);background-position: center center;background-repeat: no-repeat;border-width: 0px 0px 0px 0px;border-color:#eae9e9;border-style:solid;\" ><div class=\"fusion-builder-row fusion-row fusion-flex-align-items-flex-start\" style=\"max-width:1289.6px;margin-left: calc(-4% \/ 2 );margin-right: calc(-4% \/ 2 );\"><div class=\"fusion-layout-column fusion_builder_column fusion-builder-column-0 fusion_builder_column_1_1 1_1 fusion-flex-column\"><div class=\"fusion-column-wrapper fusion-flex-justify-content-flex-start fusion-content-layout-column\" style=\"background-position:left top;background-repeat:no-repeat;-webkit-background-size:cover;-moz-background-size:cover;-o-background-size:cover;background-size:cover;padding: 0px 0px 0px 0px;\"><style type=\"text\/css\">#accordion-10631-1 .fusion-panel:hover{ border-color: #eae8e8 } #accordion-10631-1 .fusion-panel { border-color:#eae8e8; }.fusion-accordian  #accordion-10631-1 .panel-title a .fa-fusion-box{ color: #ffffff;}.fusion-accordian  #accordion-10631-1 .panel-title a .fa-fusion-box:before{ font-size: 13px; width: 13px;}.fusion-accordian  #accordion-10631-1 .panel-title a{font-size:18px;color:#0b3b17;font-family:\"Raleway\";font-weight:400;}.fusion-accordian  #accordion-10631-1 .toggle-content{font-size:15px;color:#747474;font-family:\"Raleway\";font-weight:500;}.fusion-accordian  #accordion-10631-1 .fa-fusion-box { background-color: #333333;border-color: #333333;}.fusion-accordian  #accordion-10631-1 .panel-title a:not(.active):hover, #accordion-10631-1 .fusion-toggle-boxed-mode:hover .panel-title a { color: #008f4f;}.fusion-accordian  #accordion-10631-1 .panel-title .active .fa-fusion-box,.fusion-accordian  #accordion-10631-1 .panel-title a:not(.active):hover .fa-fusion-box { background-color: #008f4f!important;border-color: #008f4f!important;}<\/style><div class=\"accordian fusion-accordian\"><div class=\"panel-group\" id=\"accordion-10631-1\"><style type=\"text\/css\">.fusion-accordian  #accordion-10631-1 .panel-7721739e214d564bd .panel-title a{color:#0b3b17;}.fusion-accordian  #accordion-10631-1 .panel-7721739e214d564bd .toggle-content{color:#747474;}<\/style><div class=\"fusion-panel panel-default panel-7721739e214d564bd\"><div class=\"panel-heading\"><h4 class=\"panel-title toggle\" id=\"toggle_7721739e214d564bd\"><a aria-expanded=\"false\" aria-controls=\"7721739e214d564bd\" role=\"button\" data-toggle=\"collapse\" data-parent=\"#accordion-10631-1\" data-target=\"#7721739e214d564bd\" href=\"#7721739e214d564bd\"><span class=\"fusion-toggle-icon-wrapper\" aria-hidden=\"true\"><i class=\"fa-fusion-box active-icon awb-icon-minus\" aria-hidden=\"true\"><\/i><i class=\"fa-fusion-box inactive-icon awb-icon-plus\" aria-hidden=\"true\"><\/i><\/span><span class=\"fusion-toggle-heading\">Pol\u00edtica de Gesti\u00f3n Documental.<\/span><\/a><\/h4><\/div><div id=\"7721739e214d564bd\" class=\"panel-collapse collapse \" araia-labelledby=\"toggle_7721739e214d564bd\"><div class=\"panel-body toggle-content fusion-clearfix\">\n<p><a href=\"https:\/\/www.hospitaldelrosario.gov.co\/portal\/wp-content\/uploads\/2025\/08\/Politica-de-Gestion-Documental.pdf\" target=\"_blank\" rel=\"noopener\">Ver\/Descargar<\/a><\/p>\n<\/div><\/div><\/div><style type=\"text\/css\">.fusion-accordian  #accordion-10631-1 .panel-3c20d49480ab889bc .panel-title a{color:#0b3b17;}.fusion-accordian  #accordion-10631-1 .panel-3c20d49480ab889bc .toggle-content{color:#747474;}<\/style><div class=\"fusion-panel panel-default panel-3c20d49480ab889bc\"><div class=\"panel-heading\"><h4 class=\"panel-title toggle\" id=\"toggle_3c20d49480ab889bc\"><a aria-expanded=\"false\" aria-controls=\"3c20d49480ab889bc\" role=\"button\" data-toggle=\"collapse\" data-parent=\"#accordion-10631-1\" data-target=\"#3c20d49480ab889bc\" href=\"#3c20d49480ab889bc\"><span class=\"fusion-toggle-icon-wrapper\" aria-hidden=\"true\"><i class=\"fa-fusion-box active-icon awb-icon-minus\" aria-hidden=\"true\"><\/i><i class=\"fa-fusion-box inactive-icon awb-icon-plus\" aria-hidden=\"true\"><\/i><\/span><span class=\"fusion-toggle-heading\">Socializaci\u00f3n de la Pol\u00edtica de Gesti\u00f3n Documental<\/span><\/a><\/h4><\/div><div id=\"3c20d49480ab889bc\" class=\"panel-collapse collapse \" araia-labelledby=\"toggle_3c20d49480ab889bc\"><div class=\"panel-body toggle-content fusion-clearfix\">\n<p><a href=\"https:\/\/www.hospitaldelrosario.gov.co\/portal\/wp-content\/uploads\/2026\/03\/Socializacion-de-la-Politica-de-Gestion-Documental.pdf\" target=\"_blank\" rel=\"noopener\">Ver\/Descargar<\/a><\/p>\n<\/div><\/div><\/div><\/div><\/div><\/div><style type=\"text\/css\">.fusion-body .fusion-builder-column-0{width:100% !important;margin-top : 0px;margin-bottom : 0px;}.fusion-builder-column-0 > .fusion-column-wrapper {padding-top : 0px !important;padding-right : 0px !important;margin-right : 1.92%;padding-bottom : 0px !important;padding-left : 0px !important;margin-left : 1.92%;}@media only screen and (max-width:1024px) {.fusion-body .fusion-builder-column-0{width:100% !important;order : 0;}.fusion-builder-column-0 > .fusion-column-wrapper {margin-right : 1.92%;margin-left : 1.92%;}}@media only screen and (max-width:640px) {.fusion-body .fusion-builder-column-0{width:100% !important;order : 0;}.fusion-builder-column-0 > .fusion-column-wrapper {margin-right : 1.92%;margin-left : 1.92%;}}<\/style><\/div><\/div><style type=\"text\/css\">.fusion-body .fusion-flex-container.fusion-builder-row-1{ padding-top : 0px;margin-top : 0px;padding-right : 0px;padding-bottom : 0px;margin-bottom : 0px;padding-left : 0px;}<\/style><\/div>\n","protected":false},"excerpt":{"rendered":"","protected":false},"author":1,"featured_media":0,"parent":0,"menu_order":0,"comment_status":"closed","ping_status":"closed","template":"","meta":{"_lmt_disableupdate":"","_lmt_disable":"","_links_to":"","_links_to_target":""},"aioseo_notices":[],"_links":{"self":[{"href":"https:\/\/www.hospitaldelrosario.gov.co\/portal\/wp-json\/wp\/v2\/pages\/10631"}],"collection":[{"href":"https:\/\/www.hospitaldelrosario.gov.co\/portal\/wp-json\/wp\/v2\/pages"}],"about":[{"href":"https:\/\/www.hospitaldelrosario.gov.co\/portal\/wp-json\/wp\/v2\/types\/page"}],"author":[{"embeddable":true,"href":"https:\/\/www.hospitaldelrosario.gov.co\/portal\/wp-json\/wp\/v2\/users\/1"}],"replies":[{"embeddable":true,"href":"https:\/\/www.hospitaldelrosario.gov.co\/portal\/wp-json\/wp\/v2\/comments?post=10631"}],"version-history":[{"count":1,"href":"https:\/\/www.hospitaldelrosario.gov.co\/portal\/wp-json\/wp\/v2\/pages\/10631\/revisions"}],"predecessor-version":[{"id":10633,"href":"https:\/\/www.hospitaldelrosario.gov.co\/portal\/wp-json\/wp\/v2\/pages\/10631\/revisions\/10633"}],"wp:attachment":[{"href":"https:\/\/www.hospitaldelrosario.gov.co\/portal\/wp-json\/wp\/v2\/media?parent=10631"}],"curies":[{"name":"wp","href":"https:\/\/api.w.org\/{rel}","templated":true}]}}